{"id":159534,"date":"2026-04-17T19:06:43","date_gmt":"2026-04-17T17:06:43","guid":{"rendered":"https:\/\/renexia.it\/?page_id=159534"},"modified":"2026-04-17T19:08:58","modified_gmt":"2026-04-17T17:08:58","slug":"rome-a24-section-urbain","status":"publish","type":"page","link":"https:\/\/renexia.it\/fr\/mobilite-electrique\/rome-a24-section-urbain\/","title":{"rendered":"Rome A24 Section urbain"},"content":{"rendered":"<div class=\"wpb-content-wrapper\"><p>[vc_row unlock_row_content=\u00a0\u00bbyes\u00a0\u00bb row_height_percent=\u00a0\u00bb0&Prime; overlay_alpha=\u00a0\u00bb50&Prime; gutter_size=\u00a0\u00bb3&Prime; column_width_percent=\u00a0\u00bb100&Prime; shift_y=\u00a0\u00bb0&Prime; z_index=\u00a0\u00bb0&Prime; uncode_shortcode_id=\u00a0\u00bb533274&Prime;][vc_column column_width_percent=\u00a0\u00bb100&Prime; gutter_size=\u00a0\u00bb3&Prime; overlay_alpha=\u00a0\u00bb50&Prime; shift_x=\u00a0\u00bb0&Prime; shift_y=\u00a0\u00bb0&Prime; shift_y_down=\u00a0\u00bb0&Prime; z_index=\u00a0\u00bb0&Prime; medium_width=\u00a0\u00bb0&Prime; mobile_width=\u00a0\u00bb0&Prime; width=\u00a0\u00bb1\/1&Prime; uncode_shortcode_id=\u00a0\u00bb125920&Prime;][uncode_breadcrumbs text_lead=\u00a0\u00bbsmall\u00a0\u00bb el_class=\u00a0\u00bbbreadWidesite\u00a0\u00bb][\/vc_column][\/vc_row][vc_row][vc_column column_width_percent=\u00a0\u00bb100&Prime; align_horizontal=\u00a0\u00bbalign_center\u00a0\u00bb gutter_size=\u00a0\u00bb3&Prime; font_family=\u00a0\u00bbfont-136032&Prime; overlay_alpha=\u00a0\u00bb50&Prime; shift_x=\u00a0\u00bb0&Prime; shift_y=\u00a0\u00bb0&Prime; shift_y_down=\u00a0\u00bb0&Prime; z_index=\u00a0\u00bb0&Prime; medium_width=\u00a0\u00bb0&Prime; mobile_width=\u00a0\u00bb0&Prime; width=\u00a0\u00bb1\/1&Prime; uncode_shortcode_id=\u00a0\u00bb641637&Prime;][vc_custom_heading auto_text=\u00a0\u00bbyes\u00a0\u00bb text_font=\u00a0\u00bbfont-136032&Prime; text_size=\u00a0\u00bbfontsize-139820&Prime; css_animation=\u00a0\u00bbleft-t-right\u00a0\u00bb uncode_shortcode_id=\u00a0\u00bb150973&Prime; text_color_type=\u00a0\u00bbuncode-solid\u00a0\u00bb text_color_solid=\u00a0\u00bb#808080&Prime;][\/vc_custom_heading][\/vc_column][\/vc_row][vc_row row_height_percent=\u00a0\u00bb0&Prime; override_padding=\u00a0\u00bbyes\u00a0\u00bb h_padding=\u00a0\u00bb2&Prime; top_padding=\u00a0\u00bb4&Prime; bottom_padding=\u00a0\u00bb4&Prime; overlay_alpha=\u00a0\u00bb50&Prime; gutter_size=\u00a0\u00bb3&Prime; column_width_percent=\u00a0\u00bb100&Prime; shift_y=\u00a0\u00bb0&Prime; z_index=\u00a0\u00bb0&Prime; uncode_shortcode_id=\u00a0\u00bb163908&Prime;][vc_column column_width_percent=\u00a0\u00bb100&Prime; gutter_size=\u00a0\u00bb3&Prime; override_padding=\u00a0\u00bbyes\u00a0\u00bb column_padding=\u00a0\u00bb3&Prime; font_family=\u00a0\u00bbfont-136032&Prime; back_color=\u00a0\u00bbcolor-xsdn\u00a0\u00bb overlay_alpha=\u00a0\u00bb50&Prime; shift_x=\u00a0\u00bb0&Prime; shift_y=\u00a0\u00bb-4&Prime; shift_y_fixed=\u00a0\u00bbyes\u00a0\u00bb shift_y_down=\u00a0\u00bb0&Prime; z_index=\u00a0\u00bb0&Prime; medium_width=\u00a0\u00bb0&Prime; mobile_width=\u00a0\u00bb0&Prime; width=\u00a0\u00bb1\/1&Prime; uncode_shortcode_id=\u00a0\u00bb116474&Prime; back_color_type=\u00a0\u00bbuncode-palette\u00a0\u00bb][vc_single_image media=\u00a0\u00bb159562&Prime; media_width_percent=\u00a0\u00bb100&Prime; shadow=\u00a0\u00bbyes\u00a0\u00bb shadow_weight=\u00a0\u00bbsm\u00a0\u00bb shadow_darker=\u00a0\u00bbyes\u00a0\u00bb uncode_shortcode_id=\u00a0\u00bb130658&Prime;][vc_column_text uncode_shortcode_id=\u00a0\u00bb181640&Prime;]<\/p>\n<ul>\n<li>Emplacement: Aire de service Tiburtina Sud, A24 tron\u00e7on de p\u00e9n\u00e9tration urbaine (Rome)<\/li>\n<li><strong>Puissance:<\/strong> jusqu\u2019\u00e0 300 kW<\/li>\n<\/ul>\n<p>Renexia Recharge a con\u00e7u et install\u00e9 <strong>6 bornes de recharge ultra-rapides<\/strong> Be Charge dans l\u2019aire de service <strong>Tiburtina Sud<\/strong>, sur le tron\u00e7on urbain de l\u2019autoroute A24 \u00e0 Rome. La station a \u00e9t\u00e9 con\u00e7ue pour offrir le plus haut niveau de service en termes de rapidit\u00e9, de fiabilit\u00e9, d\u2019accessibilit\u00e9 et de confort d\u2019utilisation.[\/vc_column_text][vc_gallery el_id=\u00a0\u00bbgallery-858305&Prime; type=\u00a0\u00bbcarousel\u00a0\u00bb medias=\u00a0\u00bb115312,115315,115320&Prime; carousel_lg=\u00a0\u00bb1&Prime; carousel_md=\u00a0\u00bb1&Prime; carousel_sm=\u00a0\u00bb1&Prime; gutter_size=\u00a0\u00bb3&Prime; media_items=\u00a0\u00bbmedia|lightbox|original\u00a0\u00bb carousel_interval=\u00a0\u00bb5000&Prime; carousel_navspeed=\u00a0\u00bb700&Prime; carousel_loop=\u00a0\u00bbyes\u00a0\u00bb carousel_nav=\u00a0\u00bbyes\u00a0\u00bb carousel_dots=\u00a0\u00bbyes\u00a0\u00bb carousel_dots_mobile=\u00a0\u00bbyes\u00a0\u00bb stage_padding=\u00a0\u00bb0&Prime; single_overlay_opacity=\u00a0\u00bb50&Prime; single_padding=\u00a0\u00bb2&Prime; uncode_shortcode_id=\u00a0\u00bb197190&Prime;][\/vc_column][\/vc_row]<\/p>\n<\/div>","protected":false},"excerpt":{"rendered":"<p>Renexia Recharge a con\u00e7u 6 bornes d\u2019arr\u00eat et de recharge dans les principales aires de service du r\u00e9seau autoroutier A24-A25.<\/p>\n","protected":false},"author":1,"featured_media":115594,"parent":118522,"menu_order":0,"comment_status":"closed","ping_status":"closed","template":"","meta":{"_acf_changed":false,"footnotes":""},"class_list":["post-159534","page","type-page","status-publish","has-post-thumbnail","hentry","page_category-mobilite-electrique"],"yoast_head":"<!-- This site is optimized with the Yoast SEO plugin v27.2 - https:\/\/yoast.com\/product\/yoast-seo-wordpress\/ -->\n<title>Rome A24 Section urbain - Renexia<\/title>\n<meta name=\"description\" content=\"Renexia Recharge a con\u00e7u 6 bornes d\u2019arr\u00eat et de recharge dans les principales aires de service du r\u00e9seau autoroutier A24-A25.\" \/>\n<meta name=\"robots\" content=\"index, follow, max-snippet:-1, max-image-preview:large, max-video-preview:-1\" \/>\n<link rel=\"canonical\" href=\"https:\/\/renexia.it\/fr\/mobilite-electrique\/rome-a24-section-urbain\/\" \/>\n<meta property=\"og:locale\" content=\"fr_FR\" \/>\n<meta property=\"og:type\" content=\"article\" \/>\n<meta property=\"og:title\" content=\"Rome A24 Section urbain - Renexia\" \/>\n<meta property=\"og:description\" content=\"Renexia Recharge a con\u00e7u 6 bornes d\u2019arr\u00eat et de recharge dans les principales aires de service du r\u00e9seau autoroutier A24-A25.\" \/>\n<meta property=\"og:url\" content=\"https:\/\/renexia.it\/fr\/mobilite-electrique\/rome-a24-section-urbain\/\" \/>\n<meta property=\"og:site_name\" content=\"Renexia\" \/>\n<meta property=\"article:modified_time\" content=\"2026-04-17T17:08:58+00:00\" \/>\n<meta property=\"og:image\" content=\"https:\/\/renexia.it\/wp-content\/uploads\/2022\/09\/RECHARGE_AperturaA24-1.jpg\" \/>\n\t<meta property=\"og:image:width\" content=\"1600\" \/>\n\t<meta property=\"og:image:height\" content=\"1600\" \/>\n\t<meta property=\"og:image:type\" content=\"image\/jpeg\" \/>\n<meta name=\"twitter:card\" content=\"summary_large_image\" \/>\n<meta name=\"twitter:label1\" content=\"Dur\u00e9e de lecture estim\u00e9e\" \/>\n\t<meta name=\"twitter:data1\" content=\"2 minutes\" \/>\n<script type=\"application\/ld+json\" class=\"yoast-schema-graph\">{\"@context\":\"https:\/\/schema.org\",\"@graph\":[{\"@type\":\"WebPage\",\"@id\":\"https:\/\/renexia.it\/fr\/mobilite-electrique\/rome-a24-section-urbain\/\",\"url\":\"https:\/\/renexia.it\/fr\/mobilite-electrique\/rome-a24-section-urbain\/\",\"name\":\"Rome A24 Section urbain - Renexia\",\"isPartOf\":{\"@id\":\"https:\/\/renexia.it\/#website\"},\"primaryImageOfPage\":{\"@id\":\"https:\/\/renexia.it\/fr\/mobilite-electrique\/rome-a24-section-urbain\/#primaryimage\"},\"image\":{\"@id\":\"https:\/\/renexia.it\/fr\/mobilite-electrique\/rome-a24-section-urbain\/#primaryimage\"},\"thumbnailUrl\":\"https:\/\/renexia.it\/wp-content\/uploads\/2022\/09\/RECHARGE_AperturaA24-1.jpg\",\"datePublished\":\"2026-04-17T17:06:43+00:00\",\"dateModified\":\"2026-04-17T17:08:58+00:00\",\"description\":\"Renexia Recharge a con\u00e7u 6 bornes d\u2019arr\u00eat et de recharge dans les principales aires de service du r\u00e9seau autoroutier A24-A25.\",\"breadcrumb\":{\"@id\":\"https:\/\/renexia.it\/fr\/mobilite-electrique\/rome-a24-section-urbain\/#breadcrumb\"},\"inLanguage\":\"fr-FR\",\"potentialAction\":[{\"@type\":\"ReadAction\",\"target\":[\"https:\/\/renexia.it\/fr\/mobilite-electrique\/rome-a24-section-urbain\/\"]}]},{\"@type\":\"ImageObject\",\"inLanguage\":\"fr-FR\",\"@id\":\"https:\/\/renexia.it\/fr\/mobilite-electrique\/rome-a24-section-urbain\/#primaryimage\",\"url\":\"https:\/\/renexia.it\/wp-content\/uploads\/2022\/09\/RECHARGE_AperturaA24-1.jpg\",\"contentUrl\":\"https:\/\/renexia.it\/wp-content\/uploads\/2022\/09\/RECHARGE_AperturaA24-1.jpg\",\"width\":1600,\"height\":1600},{\"@type\":\"BreadcrumbList\",\"@id\":\"https:\/\/renexia.it\/fr\/mobilite-electrique\/rome-a24-section-urbain\/#breadcrumb\",\"itemListElement\":[{\"@type\":\"ListItem\",\"position\":1,\"name\":\"Home\",\"item\":\"https:\/\/renexia.it\/fr\/\"},{\"@type\":\"ListItem\",\"position\":2,\"name\":\"Mobilit\u00e9 \u00e9lectrique\",\"item\":\"https:\/\/renexia.it\/fr\/mobilite-electrique\/\"},{\"@type\":\"ListItem\",\"position\":3,\"name\":\"Rome A24 Section urbain\"}]},{\"@type\":\"WebSite\",\"@id\":\"https:\/\/renexia.it\/#website\",\"url\":\"https:\/\/renexia.it\/\",\"name\":\"Renexia\",\"description\":\"\u00abFirst-mover\u00bb delle rinnovabili\",\"publisher\":{\"@id\":\"https:\/\/renexia.it\/#organization\"},\"potentialAction\":[{\"@type\":\"SearchAction\",\"target\":{\"@type\":\"EntryPoint\",\"urlTemplate\":\"https:\/\/renexia.it\/?s={search_term_string}\"},\"query-input\":{\"@type\":\"PropertyValueSpecification\",\"valueRequired\":true,\"valueName\":\"search_term_string\"}}],\"inLanguage\":\"fr-FR\"},{\"@type\":\"Organization\",\"@id\":\"https:\/\/renexia.it\/#organization\",\"name\":\"RENEXIA\",\"url\":\"https:\/\/renexia.it\/\",\"logo\":{\"@type\":\"ImageObject\",\"inLanguage\":\"fr-FR\",\"@id\":\"https:\/\/renexia.it\/#\/schema\/logo\/image\/\",\"url\":\"https:\/\/renexia.it\/wp-content\/uploads\/2022\/06\/logo-renexia.png\",\"contentUrl\":\"https:\/\/renexia.it\/wp-content\/uploads\/2022\/06\/logo-renexia.png\",\"width\":300,\"height\":85,\"caption\":\"RENEXIA\"},\"image\":{\"@id\":\"https:\/\/renexia.it\/#\/schema\/logo\/image\/\"}}]}<\/script>\n<!-- \/ Yoast SEO plugin. -->","yoast_head_json":{"title":"Rome A24 Section urbain - Renexia","description":"Renexia Recharge a con\u00e7u 6 bornes d\u2019arr\u00eat et de recharge dans les principales aires de service du r\u00e9seau autoroutier A24-A25.","robots":{"index":"index","follow":"follow","max-snippet":"max-snippet:-1","max-image-preview":"max-image-preview:large","max-video-preview":"max-video-preview:-1"},"canonical":"https:\/\/renexia.it\/fr\/mobilite-electrique\/rome-a24-section-urbain\/","og_locale":"fr_FR","og_type":"article","og_title":"Rome A24 Section urbain - Renexia","og_description":"Renexia Recharge a con\u00e7u 6 bornes d\u2019arr\u00eat et de recharge dans les principales aires de service du r\u00e9seau autoroutier A24-A25.","og_url":"https:\/\/renexia.it\/fr\/mobilite-electrique\/rome-a24-section-urbain\/","og_site_name":"Renexia","article_modified_time":"2026-04-17T17:08:58+00:00","og_image":[{"width":1600,"height":1600,"url":"https:\/\/renexia.it\/wp-content\/uploads\/2022\/09\/RECHARGE_AperturaA24-1.jpg","type":"image\/jpeg"}],"twitter_card":"summary_large_image","twitter_misc":{"Dur\u00e9e de lecture estim\u00e9e":"2 minutes"},"schema":{"@context":"https:\/\/schema.org","@graph":[{"@type":"WebPage","@id":"https:\/\/renexia.it\/fr\/mobilite-electrique\/rome-a24-section-urbain\/","url":"https:\/\/renexia.it\/fr\/mobilite-electrique\/rome-a24-section-urbain\/","name":"Rome A24 Section urbain - Renexia","isPartOf":{"@id":"https:\/\/renexia.it\/#website"},"primaryImageOfPage":{"@id":"https:\/\/renexia.it\/fr\/mobilite-electrique\/rome-a24-section-urbain\/#primaryimage"},"image":{"@id":"https:\/\/renexia.it\/fr\/mobilite-electrique\/rome-a24-section-urbain\/#primaryimage"},"thumbnailUrl":"https:\/\/renexia.it\/wp-content\/uploads\/2022\/09\/RECHARGE_AperturaA24-1.jpg","datePublished":"2026-04-17T17:06:43+00:00","dateModified":"2026-04-17T17:08:58+00:00","description":"Renexia Recharge a con\u00e7u 6 bornes d\u2019arr\u00eat et de recharge dans les principales aires de service du r\u00e9seau autoroutier A24-A25.","breadcrumb":{"@id":"https:\/\/renexia.it\/fr\/mobilite-electrique\/rome-a24-section-urbain\/#breadcrumb"},"inLanguage":"fr-FR","potentialAction":[{"@type":"ReadAction","target":["https:\/\/renexia.it\/fr\/mobilite-electrique\/rome-a24-section-urbain\/"]}]},{"@type":"ImageObject","inLanguage":"fr-FR","@id":"https:\/\/renexia.it\/fr\/mobilite-electrique\/rome-a24-section-urbain\/#primaryimage","url":"https:\/\/renexia.it\/wp-content\/uploads\/2022\/09\/RECHARGE_AperturaA24-1.jpg","contentUrl":"https:\/\/renexia.it\/wp-content\/uploads\/2022\/09\/RECHARGE_AperturaA24-1.jpg","width":1600,"height":1600},{"@type":"BreadcrumbList","@id":"https:\/\/renexia.it\/fr\/mobilite-electrique\/rome-a24-section-urbain\/#breadcrumb","itemListElement":[{"@type":"ListItem","position":1,"name":"Home","item":"https:\/\/renexia.it\/fr\/"},{"@type":"ListItem","position":2,"name":"Mobilit\u00e9 \u00e9lectrique","item":"https:\/\/renexia.it\/fr\/mobilite-electrique\/"},{"@type":"ListItem","position":3,"name":"Rome A24 Section urbain"}]},{"@type":"WebSite","@id":"https:\/\/renexia.it\/#website","url":"https:\/\/renexia.it\/","name":"Renexia","description":"\u00abFirst-mover\u00bb delle rinnovabili","publisher":{"@id":"https:\/\/renexia.it\/#organization"},"potentialAction":[{"@type":"SearchAction","target":{"@type":"EntryPoint","urlTemplate":"https:\/\/renexia.it\/?s={search_term_string}"},"query-input":{"@type":"PropertyValueSpecification","valueRequired":true,"valueName":"search_term_string"}}],"inLanguage":"fr-FR"},{"@type":"Organization","@id":"https:\/\/renexia.it\/#organization","name":"RENEXIA","url":"https:\/\/renexia.it\/","logo":{"@type":"ImageObject","inLanguage":"fr-FR","@id":"https:\/\/renexia.it\/#\/schema\/logo\/image\/","url":"https:\/\/renexia.it\/wp-content\/uploads\/2022\/06\/logo-renexia.png","contentUrl":"https:\/\/renexia.it\/wp-content\/uploads\/2022\/06\/logo-renexia.png","width":300,"height":85,"caption":"RENEXIA"},"image":{"@id":"https:\/\/renexia.it\/#\/schema\/logo\/image\/"}}]}},"acf":[],"_links":{"self":[{"href":"https:\/\/renexia.it\/fr\/wp-json\/wp\/v2\/pages\/159534","targetHints":{"allow":["GET"]}}],"collection":[{"href":"https:\/\/renexia.it\/fr\/wp-json\/wp\/v2\/pages"}],"about":[{"href":"https:\/\/renexia.it\/fr\/wp-json\/wp\/v2\/types\/page"}],"author":[{"embeddable":true,"href":"https:\/\/renexia.it\/fr\/wp-json\/wp\/v2\/users\/1"}],"replies":[{"embeddable":true,"href":"https:\/\/renexia.it\/fr\/wp-json\/wp\/v2\/comments?post=159534"}],"version-history":[{"count":27,"href":"https:\/\/renexia.it\/fr\/wp-json\/wp\/v2\/pages\/159534\/revisions"}],"predecessor-version":[{"id":159623,"href":"https:\/\/renexia.it\/fr\/wp-json\/wp\/v2\/pages\/159534\/revisions\/159623"}],"up":[{"embeddable":true,"href":"https:\/\/renexia.it\/fr\/wp-json\/wp\/v2\/pages\/118522"}],"wp:featuredmedia":[{"embeddable":true,"href":"https:\/\/renexia.it\/fr\/wp-json\/wp\/v2\/media\/115594"}],"wp:attachment":[{"href":"https:\/\/renexia.it\/fr\/wp-json\/wp\/v2\/media?parent=159534"}],"curies":[{"name":"wp","href":"https:\/\/api.w.org\/{rel}","templated":true}]}}