{"id":120757,"date":"2023-06-23T12:43:34","date_gmt":"2023-06-23T10:43:34","guid":{"rendered":"https:\/\/renexia.it\/med-wind-test\/"},"modified":"2023-11-10T18:17:52","modified_gmt":"2023-11-10T17:17:52","slug":"med-wind-projets","status":"publish","type":"page","link":"https:\/\/renexia.it\/fr\/med-wind-projets\/","title":{"rendered":"Med Wind"},"content":{"rendered":"<div class=\"wpb-content-wrapper\"><p>[vc_row unlock_row_content=\u00a0\u00bbyes\u00a0\u00bb row_height_percent=\u00a0\u00bb100&Prime; override_padding=\u00a0\u00bbyes\u00a0\u00bb h_padding=\u00a0\u00bb2&Prime; top_padding=\u00a0\u00bb0&Prime; bottom_padding=\u00a0\u00bb0&Prime; back_image=\u00a0\u00bb120937&Prime; back_position=\u00a0\u00bbcenter bottom\u00a0\u00bb kburns=\u00a0\u00bbyes\u00a0\u00bb overlay_alpha=\u00a0\u00bb50&Prime; gutter_size=\u00a0\u00bb3&Prime; column_width_percent=\u00a0\u00bb100&Prime; shift_y=\u00a0\u00bb0&Prime; z_index=\u00a0\u00bb0&Prime; uncode_shortcode_id=\u00a0\u00bb149305&Prime;][vc_column column_width_percent=\u00a0\u00bb100&Prime; position_horizontal=\u00a0\u00bbleft\u00a0\u00bb align_horizontal=\u00a0\u00bbalign_center\u00a0\u00bb gutter_size=\u00a0\u00bb2&Prime; font_family=\u00a0\u00bbfont-136032&Prime; overlay_alpha=\u00a0\u00bb50&Prime; shift_x=\u00a0\u00bb0&Prime; shift_y=\u00a0\u00bb0&Prime; shift_y_down=\u00a0\u00bb0&Prime; z_index=\u00a0\u00bb0&Prime; medium_width=\u00a0\u00bb0&Prime; mobile_width=\u00a0\u00bb0&Prime; width=\u00a0\u00bb1\/1&Prime; uncode_shortcode_id=\u00a0\u00bb187383&Prime;][vc_row_inner row_inner_height_percent=\u00a0\u00bb0&Prime; overlay_alpha=\u00a0\u00bb50&Prime; gutter_size=\u00a0\u00bb3&Prime; shift_y=\u00a0\u00bb0&Prime; z_index=\u00a0\u00bb0&Prime; uncode_shortcode_id=\u00a0\u00bb102217&Prime; limit_content=\u00a0\u00bb\u00a0\u00bb css=\u00a0\u00bb.vc_custom_1688733040304{margin-bottom: 8% !important;}\u00a0\u00bb][vc_column_inner column_width_percent=\u00a0\u00bb100&Prime; position_horizontal=\u00a0\u00bbleft\u00a0\u00bb gutter_size=\u00a0\u00bb5&Prime; override_padding=\u00a0\u00bbyes\u00a0\u00bb column_padding=\u00a0\u00bb0&Prime; overlay_alpha=\u00a0\u00bb50&Prime; shift_x=\u00a0\u00bb0&Prime; shift_y=\u00a0\u00bb2&Prime; shift_y_down=\u00a0\u00bb0&Prime; z_index=\u00a0\u00bb0&Prime; medium_width=\u00a0\u00bb0&Prime; mobile_width=\u00a0\u00bb0&Prime; width=\u00a0\u00bb1\/1&Prime; uncode_shortcode_id=\u00a0\u00bb158168&Prime;][uncode_breadcrumbs text_lead=\u00a0\u00bbsmall\u00a0\u00bb mobile_visibility=\u00a0\u00bbyes\u00a0\u00bb el_class=\u00a0\u00bbbreadbianco\u00a0\u00bb][\/vc_column_inner][\/vc_row_inner][vc_row_inner row_inner_height_percent=\u00a0\u00bb0&Prime; overlay_alpha=\u00a0\u00bb50&Prime; gutter_size=\u00a0\u00bb3&Prime; shift_y=\u00a0\u00bb0&Prime; z_index=\u00a0\u00bb0&Prime; uncode_shortcode_id=\u00a0\u00bb182816&Prime; limit_content=\u00a0\u00bb\u00a0\u00bb][vc_column_inner column_width_percent=\u00a0\u00bb100&Prime; align_horizontal=\u00a0\u00bbalign_center\u00a0\u00bb gutter_size=\u00a0\u00bb0&Prime; font_family=\u00a0\u00bbfont-136032&Prime; overlay_alpha=\u00a0\u00bb50&Prime; shift_x=\u00a0\u00bb0&Prime; shift_y=\u00a0\u00bb0&Prime; shift_y_down=\u00a0\u00bb0&Prime; z_index=\u00a0\u00bb0&Prime; medium_width=\u00a0\u00bb0&Prime; mobile_width=\u00a0\u00bb0&Prime; width=\u00a0\u00bb1\/1&Prime; uncode_shortcode_id=\u00a0\u00bb608369&Prime; mobile_height=\u00a0\u00bb200&Prime;][vc_custom_heading text_color=\u00a0\u00bbcolor-xsdn\u00a0\u00bb text_font=\u00a0\u00bbfont-136032&Prime; text_size=\u00a0\u00bbfontsize-160206&Prime; text_weight=\u00a0\u00bb500&Prime; css_animation=\u00a0\u00bbtypewriter\u00a0\u00bb animation_speed=\u00a0\u00bb400&Prime; interval_animation=\u00a0\u00bb40&Prime; uncode_shortcode_id=\u00a0\u00bb162771&Prime; text_color_type=\u00a0\u00bbuncode-palette\u00a0\u00bb el_class=\u00a0\u00bbtitoloprogetti\u00a0\u00bb]MED WIND[\/vc_custom_heading][vc_custom_heading text_color=\u00a0\u00bbcolor-156590&Prime; text_font=\u00a0\u00bbfont-136032&Prime; text_size=\u00a0\u00bbh1&Prime; text_weight=\u00a0\u00bb500&Prime; text_space=\u00a0\u00bbfontspace-781688&Prime; uncode_shortcode_id=\u00a0\u00bb949952&Prime; text_color_type=\u00a0\u00bbuncode-palette\u00a0\u00bb]<span style=\"color: #ffffff;\">Un parc \u00e9olien offshore flottant innovant au c\u0153ur de la M\u00e9diterran\u00e9e<\/span>[\/vc_custom_heading][\/vc_column_inner][\/vc_row_inner][\/vc_column][\/vc_row][vc_row row_height_percent=\u00a0\u00bb0&Prime; override_padding=\u00a0\u00bbyes\u00a0\u00bb h_padding=\u00a0\u00bb2&Prime; top_padding=\u00a0\u00bb4&Prime; bottom_padding=\u00a0\u00bb4&Prime; back_color=\u00a0\u00bbcolor-lxmt\u00a0\u00bb overlay_alpha=\u00a0\u00bb0&Prime; equal_height=\u00a0\u00bbyes\u00a0\u00bb gutter_size=\u00a0\u00bb0&Prime; column_width_percent=\u00a0\u00bb100&Prime; shift_y=\u00a0\u00bb0&Prime; z_index=\u00a0\u00bb0&Prime; top_divider=\u00a0\u00bbgradient\u00a0\u00bb uncode_shortcode_id=\u00a0\u00bb141274&Prime; back_color_type=\u00a0\u00bbuncode-palette\u00a0\u00bb][vc_column column_width_percent=\u00a0\u00bb100&Prime; align_horizontal=\u00a0\u00bbalign_center\u00a0\u00bb gutter_size=\u00a0\u00bb3&Prime; override_padding=\u00a0\u00bbyes\u00a0\u00bb column_padding=\u00a0\u00bb0&Prime; style=\u00a0\u00bbdark\u00a0\u00bb font_family=\u00a0\u00bbfont-136032&Prime; back_color=\u00a0\u00bbcolor-xsdn\u00a0\u00bb overlay_alpha=\u00a0\u00bb0&Prime; shift_x=\u00a0\u00bb0&Prime; shift_y=\u00a0\u00bb0&Prime; shift_y_fixed=\u00a0\u00bbyes\u00a0\u00bb shift_y_down=\u00a0\u00bb0&Prime; z_index=\u00a0\u00bb0&Prime; medium_width=\u00a0\u00bb0&Prime; mobile_width=\u00a0\u00bb0&Prime; radius=\u00a0\u00bbsm\u00a0\u00bb width=\u00a0\u00bb1\/1&Prime; uncode_shortcode_id=\u00a0\u00bb158520&Prime; back_color_type=\u00a0\u00bbuncode-palette\u00a0\u00bb][vc_row_inner row_inner_height_percent=\u00a0\u00bb0&Prime; back_color=\u00a0\u00bbcolor-lxmt\u00a0\u00bb overlay_alpha=\u00a0\u00bb50&Prime; equal_height=\u00a0\u00bbyes\u00a0\u00bb gutter_size=\u00a0\u00bb4&Prime; shift_y=\u00a0\u00bb0&Prime; z_index=\u00a0\u00bb0&Prime; limit_content=\u00a0\u00bb\u00a0\u00bb uncode_shortcode_id=\u00a0\u00bb934579&Prime; back_color_type=\u00a0\u00bbuncode-palette\u00a0\u00bb][vc_column_inner column_width_percent=\u00a0\u00bb100&Prime; position_vertical=\u00a0\u00bbmiddle\u00a0\u00bb gutter_size=\u00a0\u00bb3&Prime; font_family=\u00a0\u00bbfont-136032&Prime; overlay_alpha=\u00a0\u00bb50&Prime; shift_x=\u00a0\u00bb0&Prime; shift_y=\u00a0\u00bb0&Prime; shift_y_down=\u00a0\u00bb0&Prime; z_index=\u00a0\u00bb0&Prime; medium_width=\u00a0\u00bb0&Prime; mobile_width=\u00a0\u00bb0&Prime; width=\u00a0\u00bb1\/2&Prime; uncode_shortcode_id=\u00a0\u00bb318496&Prime;][vc_custom_heading text_color=\u00a0\u00bbcolor-156590&Prime; uncode_shortcode_id=\u00a0\u00bb761420&Prime; text_color_type=\u00a0\u00bbuncode-palette\u00a0\u00bb]<\/p>\n<h2><span style=\"color: #7ccdde;\">UNE NOUVELLE TECHNOLOGIE POUR CAPTER L&rsquo;\u00c9NERGIE \u00c9OLIENNE EN MER<\/span><\/h2>\n<p>[\/vc_custom_heading][vc_column_text uncode_shortcode_id=\u00a0\u00bb135714&Prime;]Med Wind sera un parc \u00e9olien offshore dot\u00e9 de turbines de grande puissance qui produiront de l&rsquo;\u00e9nergie propre en exploitant la force du vent, pour la Sicile et l&rsquo;Italie. Il s&rsquo;agira d&rsquo;un projet hautement durable pour l&rsquo;environnement : gr\u00e2ce \u00e0 une technologie \u00ab\u00a0flottante\u00a0\u00bb innovante, les structures seront flottantes et non enfonc\u00e9es dans le fond marin. Il s&rsquo;agit du projet le plus ambitieux et le plus avant-gardiste, qui rassemble et exprime le mieux le mod\u00e8le de Renexia, afin d&rsquo;apporter une contribution strat\u00e9gique \u00e0 la transition \u00e9nerg\u00e9tique.[\/vc_column_text][vc_button button_color=\u00a0\u00bbcolor-xsdn\u00a0\u00bb size=\u00a0\u00bblink\u00a0\u00bb custom_typo=\u00a0\u00bbyes\u00a0\u00bb font_family=\u00a0\u00bbfont-136032&Prime; font_weight=\u00a0\u00bb400&Prime; icon_position=\u00a0\u00bbright\u00a0\u00bb link=\u00a0\u00bburl:https%3A%2F%2Fmedwind.it%2Ffr|target:_blank|\u00a0\u00bb icon=\u00a0\u00bbfa fa-arrow-right2&Prime; el_class=\u00a0\u00bbpersbtmedwind\u00a0\u00bb uncode_shortcode_id=\u00a0\u00bb102100&Prime; button_color_type=\u00a0\u00bbuncode-palette\u00a0\u00bb]Visitez le site web Med Wind[\/vc_button][\/vc_column_inner][vc_column_inner width=\u00a0\u00bb1\/2&Prime;][vc_raw_html el_class=\u00a0\u00bbshadowsmedwind\u00a0\u00bb]PGRpdiBzdHlsZT0icGFkZGluZzo1Ni4yNSUgMCAwIDA7cG9zaXRpb246cmVsYXRpdmU7Ij48aWZyYW1lIHNyYz0iaHR0cHM6Ly9wbGF5ZXIudmltZW8uY29tL3ZpZGVvLzczNzUxNTAxNj9oPTFiNWU1ZjBhM2ImYW1wO2JhZGdlPTAmYW1wO2F1dG9wYXVzZT0wJmFtcDtwbGF5ZXJfaWQ9MCZhbXA7YXBwX2lkPTU4NDc5IiBmcmFtZWJvcmRlcj0iMCIgYWxsb3c9ImF1dG9wbGF5OyBmdWxsc2NyZWVuOyBwaWN0dXJlLWluLXBpY3R1cmUiIGFsbG93ZnVsbHNjcmVlbj0iIiBzdHlsZT0icG9zaXRpb246YWJzb2x1dGU7dG9wOjA7bGVmdDowO3dpZHRoOjEwMCU7aGVpZ2h0OjEwMCU7IiB0aXRsZT0icmVlbCBtZWQgd2luZF9WMl8xMm1icHMiPjwvaWZyYW1lPjwvZGl2PjxzY3JpcHQgc3JjPSJodHRwczovL3BsYXllci52aW1lby5jb20vYXBpL3BsYXllci5qcyI+PC9zY3JpcHQ+[\/vc_raw_html][\/vc_column_inner][\/vc_row_inner][\/vc_column][\/vc_row]<\/p>\n<\/div>","protected":false},"excerpt":{"rendered":"<p>Il s\u2019agira d\u2019un parc \u00e9olien en pleine mer avec des turbines hautement performantes et une forte caract\u00e9ristique environnementale<\/p>\n","protected":false},"author":1,"featured_media":120731,"parent":0,"menu_order":0,"comment_status":"closed","ping_status":"closed","template":"","meta":{"_acf_changed":false,"footnotes":""},"class_list":["post-120757","page","type-page","status-publish","has-post-thumbnail","hentry"],"yoast_head":"<!-- This site is optimized with the Yoast SEO plugin v27.2 - https:\/\/yoast.com\/product\/yoast-seo-wordpress\/ -->\n<title>Med Wind - Renexia<\/title>\n<meta name=\"description\" content=\"Il s&#039;agira d&#039;un parc \u00e9olien avec des turbines de grande puissance \u00e0 forte connotation environnementale\" \/>\n<meta name=\"robots\" content=\"index, follow, max-snippet:-1, max-image-preview:large, max-video-preview:-1\" \/>\n<link rel=\"canonical\" href=\"https:\/\/renexia.it\/fr\/med-wind-projets\/\" \/>\n<meta property=\"og:locale\" content=\"fr_FR\" \/>\n<meta property=\"og:type\" content=\"article\" \/>\n<meta property=\"og:title\" content=\"UNA NUOVA TECNOLOGIA PER CATTURARE L\u2019ENERGIA DEL VENTO IN MARE APERTO\" \/>\n<meta property=\"og:description\" content=\"Il s&#039;agira d&#039;un parc \u00e9olien avec des turbines de grande puissance \u00e0 forte connotation environnementale\" \/>\n<meta property=\"og:url\" content=\"https:\/\/renexia.it\/fr\/med-wind-projets\/\" \/>\n<meta property=\"og:site_name\" content=\"Renexia\" \/>\n<meta property=\"article:modified_time\" content=\"2023-11-10T17:17:52+00:00\" \/>\n<meta property=\"og:image\" content=\"https:\/\/renexia.it\/wp-content\/uploads\/2023\/07\/RenderMedWInd_2400x1600.jpg\" \/>\n\t<meta property=\"og:image:width\" content=\"2400\" \/>\n\t<meta property=\"og:image:height\" content=\"1600\" \/>\n\t<meta property=\"og:image:type\" content=\"image\/jpeg\" \/>\n<meta name=\"twitter:card\" content=\"summary_large_image\" \/>\n<meta name=\"twitter:title\" content=\"UNE NOUVELLE TECHNOLOGIE POUR CAPTER L&#039;\u00c9NERGIE \u00c9OLIENNE EN MER\" \/>\n<meta name=\"twitter:description\" content=\"Il s&#039;agira d&#039;un parc \u00e9olien avec des turbines de grande puissance \u00e0 forte connotation environnementale\" \/>\n<meta name=\"twitter:image\" content=\"https:\/\/renexia.it\/wp-content\/uploads\/2023\/07\/RenderMedWInd_2400x1600.jpg\" \/>\n<meta name=\"twitter:label1\" content=\"Dur\u00e9e de lecture estim\u00e9e\" \/>\n\t<meta name=\"twitter:data1\" content=\"2 minutes\" \/>\n<script type=\"application\/ld+json\" class=\"yoast-schema-graph\">{\"@context\":\"https:\/\/schema.org\",\"@graph\":[{\"@type\":\"WebPage\",\"@id\":\"https:\/\/renexia.it\/fr\/med-wind-projets\/\",\"url\":\"https:\/\/renexia.it\/fr\/med-wind-projets\/\",\"name\":\"Med Wind - Renexia\",\"isPartOf\":{\"@id\":\"https:\/\/renexia.it\/#website\"},\"primaryImageOfPage\":{\"@id\":\"https:\/\/renexia.it\/fr\/med-wind-projets\/#primaryimage\"},\"image\":{\"@id\":\"https:\/\/renexia.it\/fr\/med-wind-projets\/#primaryimage\"},\"thumbnailUrl\":\"https:\/\/renexia.it\/wp-content\/uploads\/2023\/07\/RenderMedWInd_2400x1600.jpg\",\"datePublished\":\"2023-06-23T10:43:34+00:00\",\"dateModified\":\"2023-11-10T17:17:52+00:00\",\"description\":\"Il s'agira d'un parc \u00e9olien avec des turbines de grande puissance \u00e0 forte connotation environnementale\",\"breadcrumb\":{\"@id\":\"https:\/\/renexia.it\/fr\/med-wind-projets\/#breadcrumb\"},\"inLanguage\":\"fr-FR\",\"potentialAction\":[{\"@type\":\"ReadAction\",\"target\":[\"https:\/\/renexia.it\/fr\/med-wind-projets\/\"]}]},{\"@type\":\"ImageObject\",\"inLanguage\":\"fr-FR\",\"@id\":\"https:\/\/renexia.it\/fr\/med-wind-projets\/#primaryimage\",\"url\":\"https:\/\/renexia.it\/wp-content\/uploads\/2023\/07\/RenderMedWInd_2400x1600.jpg\",\"contentUrl\":\"https:\/\/renexia.it\/wp-content\/uploads\/2023\/07\/RenderMedWInd_2400x1600.jpg\",\"width\":2400,\"height\":1600},{\"@type\":\"BreadcrumbList\",\"@id\":\"https:\/\/renexia.it\/fr\/med-wind-projets\/#breadcrumb\",\"itemListElement\":[{\"@type\":\"ListItem\",\"position\":1,\"name\":\"Home\",\"item\":\"https:\/\/renexia.it\/fr\/\"},{\"@type\":\"ListItem\",\"position\":2,\"name\":\"Med Wind\"}]},{\"@type\":\"WebSite\",\"@id\":\"https:\/\/renexia.it\/#website\",\"url\":\"https:\/\/renexia.it\/\",\"name\":\"Renexia\",\"description\":\"\u00abFirst-mover\u00bb delle rinnovabili\",\"publisher\":{\"@id\":\"https:\/\/renexia.it\/#organization\"},\"potentialAction\":[{\"@type\":\"SearchAction\",\"target\":{\"@type\":\"EntryPoint\",\"urlTemplate\":\"https:\/\/renexia.it\/?s={search_term_string}\"},\"query-input\":{\"@type\":\"PropertyValueSpecification\",\"valueRequired\":true,\"valueName\":\"search_term_string\"}}],\"inLanguage\":\"fr-FR\"},{\"@type\":\"Organization\",\"@id\":\"https:\/\/renexia.it\/#organization\",\"name\":\"RENEXIA\",\"url\":\"https:\/\/renexia.it\/\",\"logo\":{\"@type\":\"ImageObject\",\"inLanguage\":\"fr-FR\",\"@id\":\"https:\/\/renexia.it\/#\/schema\/logo\/image\/\",\"url\":\"https:\/\/renexia.it\/wp-content\/uploads\/2022\/06\/logo-renexia.png\",\"contentUrl\":\"https:\/\/renexia.it\/wp-content\/uploads\/2022\/06\/logo-renexia.png\",\"width\":300,\"height\":85,\"caption\":\"RENEXIA\"},\"image\":{\"@id\":\"https:\/\/renexia.it\/#\/schema\/logo\/image\/\"}}]}<\/script>\n<!-- \/ Yoast SEO plugin. -->","yoast_head_json":{"title":"Med Wind - Renexia","description":"Il s'agira d'un parc \u00e9olien avec des turbines de grande puissance \u00e0 forte connotation environnementale","robots":{"index":"index","follow":"follow","max-snippet":"max-snippet:-1","max-image-preview":"max-image-preview:large","max-video-preview":"max-video-preview:-1"},"canonical":"https:\/\/renexia.it\/fr\/med-wind-projets\/","og_locale":"fr_FR","og_type":"article","og_title":"UNA NUOVA TECNOLOGIA PER CATTURARE L\u2019ENERGIA DEL VENTO IN MARE APERTO","og_description":"Il s'agira d'un parc \u00e9olien avec des turbines de grande puissance \u00e0 forte connotation environnementale","og_url":"https:\/\/renexia.it\/fr\/med-wind-projets\/","og_site_name":"Renexia","article_modified_time":"2023-11-10T17:17:52+00:00","og_image":[{"width":2400,"height":1600,"url":"https:\/\/renexia.it\/wp-content\/uploads\/2023\/07\/RenderMedWInd_2400x1600.jpg","type":"image\/jpeg"}],"twitter_card":"summary_large_image","twitter_title":"UNE NOUVELLE TECHNOLOGIE POUR CAPTER L'\u00c9NERGIE \u00c9OLIENNE EN MER","twitter_description":"Il s'agira d'un parc \u00e9olien avec des turbines de grande puissance \u00e0 forte connotation environnementale","twitter_image":"https:\/\/renexia.it\/wp-content\/uploads\/2023\/07\/RenderMedWInd_2400x1600.jpg","twitter_misc":{"Dur\u00e9e de lecture estim\u00e9e":"2 minutes"},"schema":{"@context":"https:\/\/schema.org","@graph":[{"@type":"WebPage","@id":"https:\/\/renexia.it\/fr\/med-wind-projets\/","url":"https:\/\/renexia.it\/fr\/med-wind-projets\/","name":"Med Wind - Renexia","isPartOf":{"@id":"https:\/\/renexia.it\/#website"},"primaryImageOfPage":{"@id":"https:\/\/renexia.it\/fr\/med-wind-projets\/#primaryimage"},"image":{"@id":"https:\/\/renexia.it\/fr\/med-wind-projets\/#primaryimage"},"thumbnailUrl":"https:\/\/renexia.it\/wp-content\/uploads\/2023\/07\/RenderMedWInd_2400x1600.jpg","datePublished":"2023-06-23T10:43:34+00:00","dateModified":"2023-11-10T17:17:52+00:00","description":"Il s'agira d'un parc \u00e9olien avec des turbines de grande puissance \u00e0 forte connotation environnementale","breadcrumb":{"@id":"https:\/\/renexia.it\/fr\/med-wind-projets\/#breadcrumb"},"inLanguage":"fr-FR","potentialAction":[{"@type":"ReadAction","target":["https:\/\/renexia.it\/fr\/med-wind-projets\/"]}]},{"@type":"ImageObject","inLanguage":"fr-FR","@id":"https:\/\/renexia.it\/fr\/med-wind-projets\/#primaryimage","url":"https:\/\/renexia.it\/wp-content\/uploads\/2023\/07\/RenderMedWInd_2400x1600.jpg","contentUrl":"https:\/\/renexia.it\/wp-content\/uploads\/2023\/07\/RenderMedWInd_2400x1600.jpg","width":2400,"height":1600},{"@type":"BreadcrumbList","@id":"https:\/\/renexia.it\/fr\/med-wind-projets\/#breadcrumb","itemListElement":[{"@type":"ListItem","position":1,"name":"Home","item":"https:\/\/renexia.it\/fr\/"},{"@type":"ListItem","position":2,"name":"Med Wind"}]},{"@type":"WebSite","@id":"https:\/\/renexia.it\/#website","url":"https:\/\/renexia.it\/","name":"Renexia","description":"\u00abFirst-mover\u00bb delle rinnovabili","publisher":{"@id":"https:\/\/renexia.it\/#organization"},"potentialAction":[{"@type":"SearchAction","target":{"@type":"EntryPoint","urlTemplate":"https:\/\/renexia.it\/?s={search_term_string}"},"query-input":{"@type":"PropertyValueSpecification","valueRequired":true,"valueName":"search_term_string"}}],"inLanguage":"fr-FR"},{"@type":"Organization","@id":"https:\/\/renexia.it\/#organization","name":"RENEXIA","url":"https:\/\/renexia.it\/","logo":{"@type":"ImageObject","inLanguage":"fr-FR","@id":"https:\/\/renexia.it\/#\/schema\/logo\/image\/","url":"https:\/\/renexia.it\/wp-content\/uploads\/2022\/06\/logo-renexia.png","contentUrl":"https:\/\/renexia.it\/wp-content\/uploads\/2022\/06\/logo-renexia.png","width":300,"height":85,"caption":"RENEXIA"},"image":{"@id":"https:\/\/renexia.it\/#\/schema\/logo\/image\/"}}]}},"acf":[],"_links":{"self":[{"href":"https:\/\/renexia.it\/fr\/wp-json\/wp\/v2\/pages\/120757","targetHints":{"allow":["GET"]}}],"collection":[{"href":"https:\/\/renexia.it\/fr\/wp-json\/wp\/v2\/pages"}],"about":[{"href":"https:\/\/renexia.it\/fr\/wp-json\/wp\/v2\/types\/page"}],"author":[{"embeddable":true,"href":"https:\/\/renexia.it\/fr\/wp-json\/wp\/v2\/users\/1"}],"replies":[{"embeddable":true,"href":"https:\/\/renexia.it\/fr\/wp-json\/wp\/v2\/comments?post=120757"}],"version-history":[{"count":7,"href":"https:\/\/renexia.it\/fr\/wp-json\/wp\/v2\/pages\/120757\/revisions"}],"predecessor-version":[{"id":132842,"href":"https:\/\/renexia.it\/fr\/wp-json\/wp\/v2\/pages\/120757\/revisions\/132842"}],"wp:featuredmedia":[{"embeddable":true,"href":"https:\/\/renexia.it\/fr\/wp-json\/wp\/v2\/media\/120731"}],"wp:attachment":[{"href":"https:\/\/renexia.it\/fr\/wp-json\/wp\/v2\/media?parent=120757"}],"curies":[{"name":"wp","href":"https:\/\/api.w.org\/{rel}","templated":true}]}}