{"id":118527,"date":"2022-09-25T12:08:43","date_gmt":"2022-09-25T10:08:43","guid":{"rendered":"https:\/\/renexia.it\/mobilita-elettrica\/autostrade-a24-a25\/"},"modified":"2026-04-17T18:50:34","modified_gmt":"2026-04-17T16:50:34","slug":"autoroutes-a24-a25","status":"publish","type":"page","link":"https:\/\/renexia.it\/fr\/mobilite-electrique\/autoroutes-a24-a25\/","title":{"rendered":"Autoroutes A24-A25"},"content":{"rendered":"<div class=\"wpb-content-wrapper\"><p>[vc_row unlock_row_content=\u00a0\u00bbyes\u00a0\u00bb row_height_percent=\u00a0\u00bb0&Prime; overlay_alpha=\u00a0\u00bb50&Prime; gutter_size=\u00a0\u00bb3&Prime; column_width_percent=\u00a0\u00bb100&Prime; shift_y=\u00a0\u00bb0&Prime; z_index=\u00a0\u00bb0&Prime; uncode_shortcode_id=\u00a0\u00bb533274&Prime;][vc_column column_width_percent=\u00a0\u00bb100&Prime; gutter_size=\u00a0\u00bb3&Prime; overlay_alpha=\u00a0\u00bb50&Prime; shift_x=\u00a0\u00bb0&Prime; shift_y=\u00a0\u00bb0&Prime; shift_y_down=\u00a0\u00bb0&Prime; z_index=\u00a0\u00bb0&Prime; medium_width=\u00a0\u00bb0&Prime; mobile_width=\u00a0\u00bb0&Prime; width=\u00a0\u00bb1\/1&Prime; uncode_shortcode_id=\u00a0\u00bb125920&Prime;][uncode_breadcrumbs text_lead=\u00a0\u00bbsmall\u00a0\u00bb el_class=\u00a0\u00bbbreadWidesite\u00a0\u00bb][\/vc_column][\/vc_row][vc_row][vc_column column_width_percent=\u00a0\u00bb100&Prime; align_horizontal=\u00a0\u00bbalign_center\u00a0\u00bb gutter_size=\u00a0\u00bb3&Prime; font_family=\u00a0\u00bbfont-136032&Prime; overlay_alpha=\u00a0\u00bb50&Prime; shift_x=\u00a0\u00bb0&Prime; shift_y=\u00a0\u00bb0&Prime; shift_y_down=\u00a0\u00bb0&Prime; z_index=\u00a0\u00bb0&Prime; medium_width=\u00a0\u00bb0&Prime; mobile_width=\u00a0\u00bb0&Prime; width=\u00a0\u00bb1\/1&Prime; uncode_shortcode_id=\u00a0\u00bb641637&Prime;][vc_custom_heading text_font=\u00a0\u00bbfont-136032&Prime; text_size=\u00a0\u00bbfontsize-139820&Prime; text_transform=\u00a0\u00bbcapitalize\u00a0\u00bb css_animation=\u00a0\u00bbleft-t-right\u00a0\u00bb uncode_shortcode_id=\u00a0\u00bb322795&Prime; text_color_type=\u00a0\u00bbuncode-solid\u00a0\u00bb text_color_solid=\u00a0\u00bb#808080&Prime;]Autoroutes A24-A25[\/vc_custom_heading][\/vc_column][\/vc_row][vc_row row_height_percent=\u00a0\u00bb0&Prime; override_padding=\u00a0\u00bbyes\u00a0\u00bb h_padding=\u00a0\u00bb2&Prime; top_padding=\u00a0\u00bb4&Prime; bottom_padding=\u00a0\u00bb4&Prime; overlay_alpha=\u00a0\u00bb50&Prime; gutter_size=\u00a0\u00bb3&Prime; column_width_percent=\u00a0\u00bb100&Prime; shift_y=\u00a0\u00bb0&Prime; z_index=\u00a0\u00bb0&Prime; uncode_shortcode_id=\u00a0\u00bb163908&Prime;][vc_column column_width_percent=\u00a0\u00bb100&Prime; gutter_size=\u00a0\u00bb3&Prime; override_padding=\u00a0\u00bbyes\u00a0\u00bb column_padding=\u00a0\u00bb3&Prime; font_family=\u00a0\u00bbfont-136032&Prime; back_color=\u00a0\u00bbcolor-xsdn\u00a0\u00bb overlay_alpha=\u00a0\u00bb50&Prime; shift_x=\u00a0\u00bb0&Prime; shift_y=\u00a0\u00bb-4&Prime; shift_y_fixed=\u00a0\u00bbyes\u00a0\u00bb shift_y_down=\u00a0\u00bb0&Prime; z_index=\u00a0\u00bb0&Prime; medium_width=\u00a0\u00bb0&Prime; mobile_width=\u00a0\u00bb0&Prime; width=\u00a0\u00bb1\/1&Prime; uncode_shortcode_id=\u00a0\u00bb116474&Prime; back_color_type=\u00a0\u00bbuncode-palette\u00a0\u00bb][vc_single_image media=\u00a0\u00bb159580&Prime; media_width_percent=\u00a0\u00bb100&Prime; shadow=\u00a0\u00bbyes\u00a0\u00bb shadow_weight=\u00a0\u00bbsm\u00a0\u00bb shadow_darker=\u00a0\u00bbyes\u00a0\u00bb uncode_shortcode_id=\u00a0\u00bb710516&Prime;][vc_column_text uncode_shortcode_id=\u00a0\u00bb531926&Prime;]<\/p>\n<ul>\n<li><strong>Emplacement:<\/strong> Aires de service A24-A25<\/li>\n<li><strong>Puissance:<\/strong> jusqu&rsquo;\u00e0 360 kW<\/li>\n<\/ul>\n<p>Renexia Recharge a con\u00e7u <strong>4 stations d&rsquo;arr\u00eat et de recharge<\/strong> dans les principales aires de service du r\u00e9seau autoroutier <strong>A24-A25<\/strong>. Ces stations sont con\u00e7ues pour offrir le plus haut niveau de service en termes de rapidit\u00e9, de fiabilit\u00e9, d&rsquo;accessibilit\u00e9 et de confort d&rsquo;utilisation. Dans les aires de <strong>Civita Sud, Civita Nord, Valle Aterno Ovest<\/strong>, sur l&rsquo;autoroute A24, et <strong>Montevelino Nord<\/strong> sur l&rsquo;A25, Renexia Recharge a install\u00e9 au total <strong>28 bornes de recharge ultra-rapides Atlante<\/strong>.[\/vc_column_text][vc_gallery el_id=\u00a0\u00bbgallery-858305&Prime; type=\u00a0\u00bbcarousel\u00a0\u00bb medias=\u00a0\u00bb159592,159593,159594&Prime; carousel_lg=\u00a0\u00bb1&Prime; carousel_md=\u00a0\u00bb1&Prime; carousel_sm=\u00a0\u00bb1&Prime; gutter_size=\u00a0\u00bb3&Prime; media_items=\u00a0\u00bbmedia|lightbox|original\u00a0\u00bb carousel_interval=\u00a0\u00bb5000&Prime; carousel_navspeed=\u00a0\u00bb700&Prime; carousel_loop=\u00a0\u00bbyes\u00a0\u00bb carousel_nav=\u00a0\u00bbyes\u00a0\u00bb carousel_dots=\u00a0\u00bbyes\u00a0\u00bb carousel_dots_mobile=\u00a0\u00bbyes\u00a0\u00bb stage_padding=\u00a0\u00bb0&Prime; single_overlay_opacity=\u00a0\u00bb50&Prime; single_padding=\u00a0\u00bb2&Prime; uncode_shortcode_id=\u00a0\u00bb616009&Prime;][\/vc_column][\/vc_row][vc_row row_height_percent=\u00a0\u00bb0&Prime; override_padding=\u00a0\u00bbyes\u00a0\u00bb h_padding=\u00a0\u00bb2&Prime; top_padding=\u00a0\u00bb4&Prime; bottom_padding=\u00a0\u00bb4&Prime; overlay_alpha=\u00a0\u00bb50&Prime; gutter_size=\u00a0\u00bb3&Prime; column_width_percent=\u00a0\u00bb100&Prime; shift_y=\u00a0\u00bb0&Prime; z_index=\u00a0\u00bb0&Prime; desktop_visibility=\u00a0\u00bbyes\u00a0\u00bb medium_visibility=\u00a0\u00bbyes\u00a0\u00bb mobile_visibility=\u00a0\u00bbyes\u00a0\u00bb uncode_shortcode_id=\u00a0\u00bb526400&Prime; back_color_type=\u00a0\u00bbuncode-solid\u00a0\u00bb back_color_solid=\u00a0\u00bb#339900&Prime;][vc_column column_width_percent=\u00a0\u00bb100&Prime; gutter_size=\u00a0\u00bb3&Prime; override_padding=\u00a0\u00bbyes\u00a0\u00bb column_padding=\u00a0\u00bb3&Prime; overlay_alpha=\u00a0\u00bb50&Prime; shift_x=\u00a0\u00bb0&Prime; shift_y=\u00a0\u00bb0&Prime; shift_y_down=\u00a0\u00bb0&Prime; z_index=\u00a0\u00bb0&Prime; desktop_visibility=\u00a0\u00bbyes\u00a0\u00bb medium_visibility=\u00a0\u00bbyes\u00a0\u00bb medium_width=\u00a0\u00bb0&Prime; mobile_visibility=\u00a0\u00bbyes\u00a0\u00bb mobile_width=\u00a0\u00bb0&Prime; width=\u00a0\u00bb1\/1&Prime; uncode_shortcode_id=\u00a0\u00bb207396&Prime;][vc_column_text text_color=\u00a0\u00bbcolor-xsdn\u00a0\u00bb uncode_shortcode_id=\u00a0\u00bb118353&Prime; text_color_type=\u00a0\u00bbuncode-palette\u00a0\u00bb]<\/p>\n<p style=\"text-align: center;\"><strong>APP DI RICARICA<\/strong><\/p>\n<p style=\"text-align: center;\"><strong>Pochi passaggi per fare il pieno di energia pulita.<\/strong><\/p>\n<p style=\"text-align: center;\">Dopo aver scaricato l\u2019app Be Charge, occorre registrarsi, scegliere la colonnina e avviare la ricarica. Nel corso della ricarica, \u00e8 possibile controllare i kWh erogati e terminare la ricarica dalla sezione \u201cattivit\u00e0\u201d. \u00c8 inoltre possibile consultare lo storico delle ricariche effettuate ed avere accesso ad ulteriori statistiche collegate.<\/p>\n<p>[\/vc_column_text][vc_row_inner row_inner_height_percent=\u00a0\u00bb0&Prime; overlay_alpha=\u00a0\u00bb50&Prime; gutter_size=\u00a0\u00bb3&Prime; shift_y=\u00a0\u00bb0&Prime; z_index=\u00a0\u00bb0&Prime; uncode_shortcode_id=\u00a0\u00bb110432&Prime; back_color_type=\u00a0\u00bbuncode-solid\u00a0\u00bb back_color_solid=\u00a0\u00bb#ff0000&Prime;][vc_column_inner column_width_percent=\u00a0\u00bb100&Prime; gutter_size=\u00a0\u00bb3&Prime; override_padding=\u00a0\u00bbyes\u00a0\u00bb column_padding=\u00a0\u00bb1&Prime; overlay_alpha=\u00a0\u00bb50&Prime; shift_x=\u00a0\u00bb0&Prime; shift_y=\u00a0\u00bb0&Prime; shift_y_down=\u00a0\u00bb0&Prime; z_index=\u00a0\u00bb0&Prime; medium_width=\u00a0\u00bb0&Prime; mobile_width=\u00a0\u00bb0&Prime; width=\u00a0\u00bb1\/1&Prime; uncode_shortcode_id=\u00a0\u00bb625665&Prime;][vc_custom_heading uncode_shortcode_id=\u00a0\u00bb167112&Prime;]<\/p>\n<h2><span style=\"color: #ffffff;\"><strong>FAI IL PIENO DI <\/strong><\/span><strong><br \/>\n<span style=\"color: #99cc00;\">ENERGIA PULITA<\/span><\/strong><\/h2>\n<p>[\/vc_custom_heading][vc_column_text text_color=\u00a0\u00bbcolor-xsdn\u00a0\u00bb uncode_shortcode_id=\u00a0\u00bb147527&Prime; text_color_type=\u00a0\u00bbuncode-palette\u00a0\u00bb]<strong>SCARICA L&rsquo;APP DI BECHARGE<\/strong><\/p>\n<p><strong>DISPONIBILE SU APPSTORE (IOS) E PLAY STORE (ANDROID)<\/strong>[\/vc_column_text][vc_column_text uncode_shortcode_id=\u00a0\u00bb410529&Prime;]<a href=\"https:\/\/renexia.it\/wp-content\/uploads\/2023\/03\/Scarica_AppleStore_Badge_IT_h100px.svg\"><img decoding=\"async\" class=\"alignnone size-full wp-image-119750\" src=\"https:\/\/renexia.it\/wp-content\/uploads\/2023\/03\/Scarica_AppleStore_Badge_IT_h100px.svg\" alt=\"\" width=\"100\" height=\"2992\" \/><\/a><img decoding=\"async\" class=\"alignnone wp-image-119753\" src=\"https:\/\/renexia.it\/wp-content\/uploads\/2023\/03\/google-play-badge-IT-300x116.png\" alt=\"\" width=\"88\" height=\"34\" srcset=\"https:\/\/renexia.it\/wp-content\/uploads\/2023\/03\/google-play-badge-IT-300x116.png 300w, https:\/\/renexia.it\/wp-content\/uploads\/2023\/03\/google-play-badge-IT-350x135.png 350w, https:\/\/renexia.it\/wp-content\/uploads\/2023\/03\/google-play-badge-IT-31x12.png 31w, https:\/\/renexia.it\/wp-content\/uploads\/2023\/03\/google-play-badge-IT.png 646w\" sizes=\"(max-width: 88px) 100vw, 88px\" \/>[\/vc_column_text][\/vc_column_inner][\/vc_row_inner][\/vc_column][\/vc_row]<\/p>\n<\/div>","protected":false},"excerpt":{"rendered":"<p>Renexia Recharge a con\u00e7u 6 bornes d\u2019arr\u00eat et de recharge dans les principales aires de service du r\u00e9seau autoroutier A24-A25.<\/p>\n","protected":false},"author":1,"featured_media":159580,"parent":118522,"menu_order":0,"comment_status":"closed","ping_status":"closed","template":"","meta":{"_acf_changed":false,"footnotes":""},"class_list":["post-118527","page","type-page","status-publish","has-post-thumbnail","hentry","page_category-mobilite-electrique"],"yoast_head":"<!-- This site is optimized with the Yoast SEO plugin v27.2 - https:\/\/yoast.com\/product\/yoast-seo-wordpress\/ -->\n<title>Autoroutes A24-A25 - Renexia<\/title>\n<meta name=\"description\" content=\"Renexia Recharge a con\u00e7u 6 bornes d\u2019arr\u00eat et de recharge dans les principales aires de service du r\u00e9seau autoroutier A24-A25.\" \/>\n<meta name=\"robots\" content=\"index, follow, max-snippet:-1, max-image-preview:large, max-video-preview:-1\" \/>\n<link rel=\"canonical\" href=\"https:\/\/renexia.it\/fr\/mobilite-electrique\/autoroutes-a24-a25\/\" \/>\n<meta property=\"og:locale\" content=\"fr_FR\" \/>\n<meta property=\"og:type\" content=\"article\" \/>\n<meta property=\"og:title\" content=\"Autoroutes A24-A25 - Renexia\" \/>\n<meta property=\"og:description\" content=\"Renexia Recharge a con\u00e7u 6 bornes d\u2019arr\u00eat et de recharge dans les principales aires de service du r\u00e9seau autoroutier A24-A25.\" \/>\n<meta property=\"og:url\" content=\"https:\/\/renexia.it\/fr\/mobilite-electrique\/autoroutes-a24-a25\/\" \/>\n<meta property=\"og:site_name\" content=\"Renexia\" \/>\n<meta property=\"article:modified_time\" content=\"2026-04-17T16:50:34+00:00\" \/>\n<meta property=\"og:image\" content=\"https:\/\/renexia.it\/wp-content\/uploads\/2026\/04\/Recharge_Atlante_Cop1200x1200.webp\" \/>\n\t<meta property=\"og:image:width\" content=\"1200\" \/>\n\t<meta property=\"og:image:height\" content=\"1200\" \/>\n\t<meta property=\"og:image:type\" content=\"image\/webp\" \/>\n<meta name=\"twitter:card\" content=\"summary_large_image\" \/>\n<meta name=\"twitter:label1\" content=\"Dur\u00e9e de lecture estim\u00e9e\" \/>\n\t<meta name=\"twitter:data1\" content=\"3 minutes\" \/>\n<script type=\"application\/ld+json\" class=\"yoast-schema-graph\">{\"@context\":\"https:\/\/schema.org\",\"@graph\":[{\"@type\":\"WebPage\",\"@id\":\"https:\/\/renexia.it\/fr\/mobilite-electrique\/autoroutes-a24-a25\/\",\"url\":\"https:\/\/renexia.it\/fr\/mobilite-electrique\/autoroutes-a24-a25\/\",\"name\":\"Autoroutes A24-A25 - Renexia\",\"isPartOf\":{\"@id\":\"https:\/\/renexia.it\/#website\"},\"primaryImageOfPage\":{\"@id\":\"https:\/\/renexia.it\/fr\/mobilite-electrique\/autoroutes-a24-a25\/#primaryimage\"},\"image\":{\"@id\":\"https:\/\/renexia.it\/fr\/mobilite-electrique\/autoroutes-a24-a25\/#primaryimage\"},\"thumbnailUrl\":\"https:\/\/renexia.it\/wp-content\/uploads\/2026\/04\/Recharge_Atlante_Cop1200x1200.webp\",\"datePublished\":\"2022-09-25T10:08:43+00:00\",\"dateModified\":\"2026-04-17T16:50:34+00:00\",\"description\":\"Renexia Recharge a con\u00e7u 6 bornes d\u2019arr\u00eat et de recharge dans les principales aires de service du r\u00e9seau autoroutier A24-A25.\",\"breadcrumb\":{\"@id\":\"https:\/\/renexia.it\/fr\/mobilite-electrique\/autoroutes-a24-a25\/#breadcrumb\"},\"inLanguage\":\"fr-FR\",\"potentialAction\":[{\"@type\":\"ReadAction\",\"target\":[\"https:\/\/renexia.it\/fr\/mobilite-electrique\/autoroutes-a24-a25\/\"]}]},{\"@type\":\"ImageObject\",\"inLanguage\":\"fr-FR\",\"@id\":\"https:\/\/renexia.it\/fr\/mobilite-electrique\/autoroutes-a24-a25\/#primaryimage\",\"url\":\"https:\/\/renexia.it\/wp-content\/uploads\/2026\/04\/Recharge_Atlante_Cop1200x1200.webp\",\"contentUrl\":\"https:\/\/renexia.it\/wp-content\/uploads\/2026\/04\/Recharge_Atlante_Cop1200x1200.webp\",\"width\":1200,\"height\":1200},{\"@type\":\"BreadcrumbList\",\"@id\":\"https:\/\/renexia.it\/fr\/mobilite-electrique\/autoroutes-a24-a25\/#breadcrumb\",\"itemListElement\":[{\"@type\":\"ListItem\",\"position\":1,\"name\":\"Home\",\"item\":\"https:\/\/renexia.it\/fr\/\"},{\"@type\":\"ListItem\",\"position\":2,\"name\":\"Mobilit\u00e9 \u00e9lectrique\",\"item\":\"https:\/\/renexia.it\/fr\/mobilite-electrique\/\"},{\"@type\":\"ListItem\",\"position\":3,\"name\":\"Autoroutes A24-A25\"}]},{\"@type\":\"WebSite\",\"@id\":\"https:\/\/renexia.it\/#website\",\"url\":\"https:\/\/renexia.it\/\",\"name\":\"Renexia\",\"description\":\"\u00abFirst-mover\u00bb delle rinnovabili\",\"publisher\":{\"@id\":\"https:\/\/renexia.it\/#organization\"},\"potentialAction\":[{\"@type\":\"SearchAction\",\"target\":{\"@type\":\"EntryPoint\",\"urlTemplate\":\"https:\/\/renexia.it\/?s={search_term_string}\"},\"query-input\":{\"@type\":\"PropertyValueSpecification\",\"valueRequired\":true,\"valueName\":\"search_term_string\"}}],\"inLanguage\":\"fr-FR\"},{\"@type\":\"Organization\",\"@id\":\"https:\/\/renexia.it\/#organization\",\"name\":\"RENEXIA\",\"url\":\"https:\/\/renexia.it\/\",\"logo\":{\"@type\":\"ImageObject\",\"inLanguage\":\"fr-FR\",\"@id\":\"https:\/\/renexia.it\/#\/schema\/logo\/image\/\",\"url\":\"https:\/\/renexia.it\/wp-content\/uploads\/2022\/06\/logo-renexia.png\",\"contentUrl\":\"https:\/\/renexia.it\/wp-content\/uploads\/2022\/06\/logo-renexia.png\",\"width\":300,\"height\":85,\"caption\":\"RENEXIA\"},\"image\":{\"@id\":\"https:\/\/renexia.it\/#\/schema\/logo\/image\/\"}}]}<\/script>\n<!-- \/ Yoast SEO plugin. -->","yoast_head_json":{"title":"Autoroutes A24-A25 - Renexia","description":"Renexia Recharge a con\u00e7u 6 bornes d\u2019arr\u00eat et de recharge dans les principales aires de service du r\u00e9seau autoroutier A24-A25.","robots":{"index":"index","follow":"follow","max-snippet":"max-snippet:-1","max-image-preview":"max-image-preview:large","max-video-preview":"max-video-preview:-1"},"canonical":"https:\/\/renexia.it\/fr\/mobilite-electrique\/autoroutes-a24-a25\/","og_locale":"fr_FR","og_type":"article","og_title":"Autoroutes A24-A25 - Renexia","og_description":"Renexia Recharge a con\u00e7u 6 bornes d\u2019arr\u00eat et de recharge dans les principales aires de service du r\u00e9seau autoroutier A24-A25.","og_url":"https:\/\/renexia.it\/fr\/mobilite-electrique\/autoroutes-a24-a25\/","og_site_name":"Renexia","article_modified_time":"2026-04-17T16:50:34+00:00","og_image":[{"width":1200,"height":1200,"url":"https:\/\/renexia.it\/wp-content\/uploads\/2026\/04\/Recharge_Atlante_Cop1200x1200.webp","type":"image\/webp"}],"twitter_card":"summary_large_image","twitter_misc":{"Dur\u00e9e de lecture estim\u00e9e":"3 minutes"},"schema":{"@context":"https:\/\/schema.org","@graph":[{"@type":"WebPage","@id":"https:\/\/renexia.it\/fr\/mobilite-electrique\/autoroutes-a24-a25\/","url":"https:\/\/renexia.it\/fr\/mobilite-electrique\/autoroutes-a24-a25\/","name":"Autoroutes A24-A25 - Renexia","isPartOf":{"@id":"https:\/\/renexia.it\/#website"},"primaryImageOfPage":{"@id":"https:\/\/renexia.it\/fr\/mobilite-electrique\/autoroutes-a24-a25\/#primaryimage"},"image":{"@id":"https:\/\/renexia.it\/fr\/mobilite-electrique\/autoroutes-a24-a25\/#primaryimage"},"thumbnailUrl":"https:\/\/renexia.it\/wp-content\/uploads\/2026\/04\/Recharge_Atlante_Cop1200x1200.webp","datePublished":"2022-09-25T10:08:43+00:00","dateModified":"2026-04-17T16:50:34+00:00","description":"Renexia Recharge a con\u00e7u 6 bornes d\u2019arr\u00eat et de recharge dans les principales aires de service du r\u00e9seau autoroutier A24-A25.","breadcrumb":{"@id":"https:\/\/renexia.it\/fr\/mobilite-electrique\/autoroutes-a24-a25\/#breadcrumb"},"inLanguage":"fr-FR","potentialAction":[{"@type":"ReadAction","target":["https:\/\/renexia.it\/fr\/mobilite-electrique\/autoroutes-a24-a25\/"]}]},{"@type":"ImageObject","inLanguage":"fr-FR","@id":"https:\/\/renexia.it\/fr\/mobilite-electrique\/autoroutes-a24-a25\/#primaryimage","url":"https:\/\/renexia.it\/wp-content\/uploads\/2026\/04\/Recharge_Atlante_Cop1200x1200.webp","contentUrl":"https:\/\/renexia.it\/wp-content\/uploads\/2026\/04\/Recharge_Atlante_Cop1200x1200.webp","width":1200,"height":1200},{"@type":"BreadcrumbList","@id":"https:\/\/renexia.it\/fr\/mobilite-electrique\/autoroutes-a24-a25\/#breadcrumb","itemListElement":[{"@type":"ListItem","position":1,"name":"Home","item":"https:\/\/renexia.it\/fr\/"},{"@type":"ListItem","position":2,"name":"Mobilit\u00e9 \u00e9lectrique","item":"https:\/\/renexia.it\/fr\/mobilite-electrique\/"},{"@type":"ListItem","position":3,"name":"Autoroutes A24-A25"}]},{"@type":"WebSite","@id":"https:\/\/renexia.it\/#website","url":"https:\/\/renexia.it\/","name":"Renexia","description":"\u00abFirst-mover\u00bb delle rinnovabili","publisher":{"@id":"https:\/\/renexia.it\/#organization"},"potentialAction":[{"@type":"SearchAction","target":{"@type":"EntryPoint","urlTemplate":"https:\/\/renexia.it\/?s={search_term_string}"},"query-input":{"@type":"PropertyValueSpecification","valueRequired":true,"valueName":"search_term_string"}}],"inLanguage":"fr-FR"},{"@type":"Organization","@id":"https:\/\/renexia.it\/#organization","name":"RENEXIA","url":"https:\/\/renexia.it\/","logo":{"@type":"ImageObject","inLanguage":"fr-FR","@id":"https:\/\/renexia.it\/#\/schema\/logo\/image\/","url":"https:\/\/renexia.it\/wp-content\/uploads\/2022\/06\/logo-renexia.png","contentUrl":"https:\/\/renexia.it\/wp-content\/uploads\/2022\/06\/logo-renexia.png","width":300,"height":85,"caption":"RENEXIA"},"image":{"@id":"https:\/\/renexia.it\/#\/schema\/logo\/image\/"}}]}},"acf":[],"_links":{"self":[{"href":"https:\/\/renexia.it\/fr\/wp-json\/wp\/v2\/pages\/118527","targetHints":{"allow":["GET"]}}],"collection":[{"href":"https:\/\/renexia.it\/fr\/wp-json\/wp\/v2\/pages"}],"about":[{"href":"https:\/\/renexia.it\/fr\/wp-json\/wp\/v2\/types\/page"}],"author":[{"embeddable":true,"href":"https:\/\/renexia.it\/fr\/wp-json\/wp\/v2\/users\/1"}],"replies":[{"embeddable":true,"href":"https:\/\/renexia.it\/fr\/wp-json\/wp\/v2\/comments?post=118527"}],"version-history":[{"count":11,"href":"https:\/\/renexia.it\/fr\/wp-json\/wp\/v2\/pages\/118527\/revisions"}],"predecessor-version":[{"id":159596,"href":"https:\/\/renexia.it\/fr\/wp-json\/wp\/v2\/pages\/118527\/revisions\/159596"}],"up":[{"embeddable":true,"href":"https:\/\/renexia.it\/fr\/wp-json\/wp\/v2\/pages\/118522"}],"wp:featuredmedia":[{"embeddable":true,"href":"https:\/\/renexia.it\/fr\/wp-json\/wp\/v2\/media\/159580"}],"wp:attachment":[{"href":"https:\/\/renexia.it\/fr\/wp-json\/wp\/v2\/media?parent=118527"}],"curies":[{"name":"wp","href":"https:\/\/api.w.org\/{rel}","templated":true}]}}