{"id":118505,"date":"2021-09-26T13:47:44","date_gmt":"2021-09-26T11:47:44","guid":{"rendered":"https:\/\/renexia.it\/eolico-2\/sardegna-1-e-2-settori\/"},"modified":"2022-10-24T00:56:40","modified_gmt":"2022-10-23T22:56:40","slug":"sardegna-1-e-2-settori","status":"publish","type":"page","link":"https:\/\/renexia.it\/fr\/parcs-eoliens\/sardegna-1-e-2-settori\/","title":{"rendered":"Sardaigne 1 et 2"},"content":{"rendered":"<div class=\"wpb-content-wrapper\"><p>[vc_row unlock_row_content=\u00a0\u00bbyes\u00a0\u00bb row_height_percent=\u00a0\u00bb0&Prime; overlay_alpha=\u00a0\u00bb50&Prime; gutter_size=\u00a0\u00bb3&Prime; column_width_percent=\u00a0\u00bb100&Prime; shift_y=\u00a0\u00bb0&Prime; z_index=\u00a0\u00bb0&Prime; uncode_shortcode_id=\u00a0\u00bb134005&Prime;][vc_column column_width_percent=\u00a0\u00bb100&Prime; gutter_size=\u00a0\u00bb3&Prime; overlay_alpha=\u00a0\u00bb50&Prime; shift_x=\u00a0\u00bb0&Prime; shift_y=\u00a0\u00bb0&Prime; shift_y_down=\u00a0\u00bb0&Prime; z_index=\u00a0\u00bb0&Prime; medium_width=\u00a0\u00bb0&Prime; mobile_width=\u00a0\u00bb0&Prime; width=\u00a0\u00bb1\/1&Prime; uncode_shortcode_id=\u00a0\u00bb125920&Prime;][uncode_breadcrumbs text_lead=\u00a0\u00bbsmall\u00a0\u00bb el_class=\u00a0\u00bbbreadWidesite\u00a0\u00bb][\/vc_column][\/vc_row][vc_row][vc_column column_width_percent=\u00a0\u00bb100&Prime; align_horizontal=\u00a0\u00bbalign_center\u00a0\u00bb gutter_size=\u00a0\u00bb3&Prime; font_family=\u00a0\u00bbfont-136032&Prime; overlay_alpha=\u00a0\u00bb50&Prime; shift_x=\u00a0\u00bb0&Prime; shift_y=\u00a0\u00bb0&Prime; shift_y_down=\u00a0\u00bb0&Prime; z_index=\u00a0\u00bb0&Prime; medium_width=\u00a0\u00bb0&Prime; mobile_width=\u00a0\u00bb0&Prime; width=\u00a0\u00bb1\/1&Prime; uncode_shortcode_id=\u00a0\u00bb641637&Prime;][vc_custom_heading text_font=\u00a0\u00bbfont-136032&Prime; text_size=\u00a0\u00bbfontsize-139820&Prime; css_animation=\u00a0\u00bbleft-t-right\u00a0\u00bb uncode_shortcode_id=\u00a0\u00bb929443&Prime; text_color_type=\u00a0\u00bbuncode-solid\u00a0\u00bb text_color_solid=\u00a0\u00bb#808080&Prime;]Sardaigne 1 et 2[\/vc_custom_heading][\/vc_column][\/vc_row][vc_row row_height_percent=\u00a0\u00bb0&Prime; override_padding=\u00a0\u00bbyes\u00a0\u00bb h_padding=\u00a0\u00bb2&Prime; top_padding=\u00a0\u00bb4&Prime; bottom_padding=\u00a0\u00bb4&Prime; overlay_alpha=\u00a0\u00bb50&Prime; gutter_size=\u00a0\u00bb3&Prime; column_width_percent=\u00a0\u00bb100&Prime; shift_y=\u00a0\u00bb0&Prime; z_index=\u00a0\u00bb0&Prime; uncode_shortcode_id=\u00a0\u00bb107292&Prime;][vc_column column_width_percent=\u00a0\u00bb100&Prime; gutter_size=\u00a0\u00bb3&Prime; override_padding=\u00a0\u00bbyes\u00a0\u00bb column_padding=\u00a0\u00bb3&Prime; back_color=\u00a0\u00bbcolor-xsdn\u00a0\u00bb overlay_alpha=\u00a0\u00bb50&Prime; shift_x=\u00a0\u00bb0&Prime; shift_y=\u00a0\u00bb-4&Prime; shift_y_fixed=\u00a0\u00bbyes\u00a0\u00bb shift_y_down=\u00a0\u00bb0&Prime; z_index=\u00a0\u00bb0&Prime; medium_width=\u00a0\u00bb0&Prime; mobile_width=\u00a0\u00bb0&Prime; width=\u00a0\u00bb1\/1&Prime;][vc_single_image media=\u00a0\u00bb115103&Prime; media_width_percent=\u00a0\u00bb100&Prime; uncode_shortcode_id=\u00a0\u00bb126634&Prime;][vc_column_text uncode_shortcode_id=\u00a0\u00bb283597&Prime;]Le projet se trouve actuellement dans une phase pr\u00e9liminaire et il comprend deux parcs \u00e9oliens \u00e0 technologie flottante, avec une puissance install\u00e9e de <strong>825 MW<\/strong> et <strong>555 MW<\/strong>, situ\u00e9s au large des c\u00f4tes de la Sardaigne m\u00e9ridionale.[\/vc_column_text][vc_row_inner limit_content=\u00a0\u00bb\u00a0\u00bb][vc_column_inner column_width_percent=\u00a0\u00bb100&Prime; position_vertical=\u00a0\u00bbmiddle\u00a0\u00bb gutter_size=\u00a0\u00bb3&Prime; overlay_alpha=\u00a0\u00bb50&Prime; shift_x=\u00a0\u00bb0&Prime; shift_y=\u00a0\u00bb0&Prime; shift_y_down=\u00a0\u00bb0&Prime; z_index=\u00a0\u00bb0&Prime; medium_width=\u00a0\u00bb0&Prime; mobile_width=\u00a0\u00bb0&Prime; width=\u00a0\u00bb1\/2&Prime; uncode_shortcode_id=\u00a0\u00bb161932&Prime;][vc_column_text uncode_shortcode_id=\u00a0\u00bb851443&Prime;]<strong>SARDAIGNE 1<\/strong><\/p>\n<p><span style=\"font-weight: 400;\">Turbines: <strong>37<\/strong><br \/>\nPuissance unitaire: <strong>15 MW<br \/>\n<\/strong> Puissance totale: 5<strong>55 MW<\/strong><\/span>[\/vc_column_text][vc_separator sep_color=\u00a0\u00bb\u00a0\u00bb uncode_shortcode_id=\u00a0\u00bb147531&Prime; sep_color_type=\u00a0\u00bbuncode-solid\u00a0\u00bb sep_color_solid=\u00a0\u00bbrgba(0,0,0,0.33)\u00a0\u00bb][vc_column_text uncode_shortcode_id=\u00a0\u00bb852116&Prime;]<strong>SARDAIGNE 2<\/strong><\/p>\n<p><span style=\"font-weight: 400;\">Turbines: <strong>55<\/strong><br \/>\nPuissance unitaire: <strong>15 MW<br \/>\n<\/strong> Puissance totale : <strong>825 MW<\/strong><\/span>[\/vc_column_text][\/vc_column_inner][vc_column_inner width=\u00a0\u00bb1\/2&Prime;][vc_single_image media=\u00a0\u00bb115092&Prime; media_width_percent=\u00a0\u00bb100&Prime; media_ratio=\u00a0\u00bbone-one\u00a0\u00bb shadow=\u00a0\u00bbyes\u00a0\u00bb shadow_weight=\u00a0\u00bbsm\u00a0\u00bb shadow_darker=\u00a0\u00bbyes\u00a0\u00bb uncode_shortcode_id=\u00a0\u00bb124047&Prime;][\/vc_column_inner][\/vc_row_inner][\/vc_column][\/vc_row]<\/p>\n<\/div>","protected":false},"excerpt":{"rendered":"<p>Le projet se trouve actuellement dans une phase pr\u00e9liminaire et il comprend deux parcs \u00e9oliens \u00e0 technologie flottante, avec une puissance install\u00e9e de 825 MW et 555 MW, situ\u00e9s au large des c\u00f4tes de la Sardaigne m\u00e9ridionale.<\/p>\n","protected":false},"author":1,"featured_media":115105,"parent":118477,"menu_order":0,"comment_status":"closed","ping_status":"closed","template":"","meta":{"_acf_changed":false,"footnotes":""},"class_list":["post-118505","page","type-page","status-publish","has-post-thumbnail","hentry","page_category-eolien-offshore"],"yoast_head":"<!-- This site is optimized with the Yoast SEO plugin v27.2 - https:\/\/yoast.com\/product\/yoast-seo-wordpress\/ -->\n<title>Sardaigne 1 et 2 - Renexia<\/title>\n<meta name=\"description\" content=\"Le projet se trouve actuellement dans une phase pr\u00e9liminaire et il comprend deux parcs \u00e9oliens \u00e0 technologie flottante, avec une puissance install\u00e9e de 825 MW et 555 MW, situ\u00e9s au large des c\u00f4tes de la Sardaigne m\u00e9ridionale.\" \/>\n<meta name=\"robots\" content=\"index, follow, max-snippet:-1, max-image-preview:large, max-video-preview:-1\" \/>\n<link rel=\"canonical\" href=\"https:\/\/renexia.it\/fr\/parcs-eoliens\/sardegna-1-e-2-settori\/\" \/>\n<meta property=\"og:locale\" content=\"fr_FR\" \/>\n<meta property=\"og:type\" content=\"article\" \/>\n<meta property=\"og:title\" content=\"Sardaigne 1 et 2 - Renexia\" \/>\n<meta property=\"og:description\" content=\"Le projet se trouve actuellement dans une phase pr\u00e9liminaire et il comprend deux parcs \u00e9oliens \u00e0 technologie flottante, avec une puissance install\u00e9e de 825 MW et 555 MW, situ\u00e9s au large des c\u00f4tes de la Sardaigne m\u00e9ridionale.\" \/>\n<meta property=\"og:url\" content=\"https:\/\/renexia.it\/fr\/parcs-eoliens\/sardegna-1-e-2-settori\/\" \/>\n<meta property=\"og:site_name\" content=\"Renexia\" \/>\n<meta property=\"article:modified_time\" content=\"2022-10-23T22:56:40+00:00\" \/>\n<meta property=\"og:image\" content=\"https:\/\/renexia.it\/wp-content\/uploads\/2022\/09\/EolicoOffshore_floating3-web.jpg\" \/>\n\t<meta property=\"og:image:width\" content=\"2400\" \/>\n\t<meta property=\"og:image:height\" content=\"1350\" \/>\n\t<meta property=\"og:image:type\" content=\"image\/jpeg\" \/>\n<meta name=\"twitter:card\" content=\"summary_large_image\" \/>\n<meta name=\"twitter:label1\" content=\"Dur\u00e9e de lecture estim\u00e9e\" \/>\n\t<meta name=\"twitter:data1\" content=\"1 minute\" \/>\n<script type=\"application\/ld+json\" class=\"yoast-schema-graph\">{\"@context\":\"https:\/\/schema.org\",\"@graph\":[{\"@type\":\"WebPage\",\"@id\":\"https:\/\/renexia.it\/fr\/parcs-eoliens\/sardegna-1-e-2-settori\/\",\"url\":\"https:\/\/renexia.it\/fr\/parcs-eoliens\/sardegna-1-e-2-settori\/\",\"name\":\"Sardaigne 1 et 2 - Renexia\",\"isPartOf\":{\"@id\":\"https:\/\/renexia.it\/#website\"},\"primaryImageOfPage\":{\"@id\":\"https:\/\/renexia.it\/fr\/parcs-eoliens\/sardegna-1-e-2-settori\/#primaryimage\"},\"image\":{\"@id\":\"https:\/\/renexia.it\/fr\/parcs-eoliens\/sardegna-1-e-2-settori\/#primaryimage\"},\"thumbnailUrl\":\"https:\/\/renexia.it\/wp-content\/uploads\/2022\/09\/EolicoOffshore_floating3-web.jpg\",\"datePublished\":\"2021-09-26T11:47:44+00:00\",\"dateModified\":\"2022-10-23T22:56:40+00:00\",\"description\":\"Le projet se trouve actuellement dans une phase pr\u00e9liminaire et il comprend deux parcs \u00e9oliens \u00e0 technologie flottante, avec une puissance install\u00e9e de 825 MW et 555 MW, situ\u00e9s au large des c\u00f4tes de la Sardaigne m\u00e9ridionale.\",\"breadcrumb\":{\"@id\":\"https:\/\/renexia.it\/fr\/parcs-eoliens\/sardegna-1-e-2-settori\/#breadcrumb\"},\"inLanguage\":\"fr-FR\",\"potentialAction\":[{\"@type\":\"ReadAction\",\"target\":[\"https:\/\/renexia.it\/fr\/parcs-eoliens\/sardegna-1-e-2-settori\/\"]}]},{\"@type\":\"ImageObject\",\"inLanguage\":\"fr-FR\",\"@id\":\"https:\/\/renexia.it\/fr\/parcs-eoliens\/sardegna-1-e-2-settori\/#primaryimage\",\"url\":\"https:\/\/renexia.it\/wp-content\/uploads\/2022\/09\/EolicoOffshore_floating3-web.jpg\",\"contentUrl\":\"https:\/\/renexia.it\/wp-content\/uploads\/2022\/09\/EolicoOffshore_floating3-web.jpg\",\"width\":2400,\"height\":1350},{\"@type\":\"BreadcrumbList\",\"@id\":\"https:\/\/renexia.it\/fr\/parcs-eoliens\/sardegna-1-e-2-settori\/#breadcrumb\",\"itemListElement\":[{\"@type\":\"ListItem\",\"position\":1,\"name\":\"Home\",\"item\":\"https:\/\/renexia.it\/fr\/\"},{\"@type\":\"ListItem\",\"position\":2,\"name\":\"\u00c9olien\",\"item\":\"https:\/\/renexia.it\/fr\/parcs-eoliens\/\"},{\"@type\":\"ListItem\",\"position\":3,\"name\":\"Sardaigne 1 et 2\"}]},{\"@type\":\"WebSite\",\"@id\":\"https:\/\/renexia.it\/#website\",\"url\":\"https:\/\/renexia.it\/\",\"name\":\"Renexia\",\"description\":\"\u00abFirst-mover\u00bb delle rinnovabili\",\"publisher\":{\"@id\":\"https:\/\/renexia.it\/#organization\"},\"potentialAction\":[{\"@type\":\"SearchAction\",\"target\":{\"@type\":\"EntryPoint\",\"urlTemplate\":\"https:\/\/renexia.it\/?s={search_term_string}\"},\"query-input\":{\"@type\":\"PropertyValueSpecification\",\"valueRequired\":true,\"valueName\":\"search_term_string\"}}],\"inLanguage\":\"fr-FR\"},{\"@type\":\"Organization\",\"@id\":\"https:\/\/renexia.it\/#organization\",\"name\":\"RENEXIA\",\"url\":\"https:\/\/renexia.it\/\",\"logo\":{\"@type\":\"ImageObject\",\"inLanguage\":\"fr-FR\",\"@id\":\"https:\/\/renexia.it\/#\/schema\/logo\/image\/\",\"url\":\"https:\/\/renexia.it\/wp-content\/uploads\/2022\/06\/logo-renexia.png\",\"contentUrl\":\"https:\/\/renexia.it\/wp-content\/uploads\/2022\/06\/logo-renexia.png\",\"width\":300,\"height\":85,\"caption\":\"RENEXIA\"},\"image\":{\"@id\":\"https:\/\/renexia.it\/#\/schema\/logo\/image\/\"}}]}<\/script>\n<!-- \/ Yoast SEO plugin. -->","yoast_head_json":{"title":"Sardaigne 1 et 2 - Renexia","description":"Le projet se trouve actuellement dans une phase pr\u00e9liminaire et il comprend deux parcs \u00e9oliens \u00e0 technologie flottante, avec une puissance install\u00e9e de 825 MW et 555 MW, situ\u00e9s au large des c\u00f4tes de la Sardaigne m\u00e9ridionale.","robots":{"index":"index","follow":"follow","max-snippet":"max-snippet:-1","max-image-preview":"max-image-preview:large","max-video-preview":"max-video-preview:-1"},"canonical":"https:\/\/renexia.it\/fr\/parcs-eoliens\/sardegna-1-e-2-settori\/","og_locale":"fr_FR","og_type":"article","og_title":"Sardaigne 1 et 2 - Renexia","og_description":"Le projet se trouve actuellement dans une phase pr\u00e9liminaire et il comprend deux parcs \u00e9oliens \u00e0 technologie flottante, avec une puissance install\u00e9e de 825 MW et 555 MW, situ\u00e9s au large des c\u00f4tes de la Sardaigne m\u00e9ridionale.","og_url":"https:\/\/renexia.it\/fr\/parcs-eoliens\/sardegna-1-e-2-settori\/","og_site_name":"Renexia","article_modified_time":"2022-10-23T22:56:40+00:00","og_image":[{"width":2400,"height":1350,"url":"https:\/\/renexia.it\/wp-content\/uploads\/2022\/09\/EolicoOffshore_floating3-web.jpg","type":"image\/jpeg"}],"twitter_card":"summary_large_image","twitter_misc":{"Dur\u00e9e de lecture estim\u00e9e":"1 minute"},"schema":{"@context":"https:\/\/schema.org","@graph":[{"@type":"WebPage","@id":"https:\/\/renexia.it\/fr\/parcs-eoliens\/sardegna-1-e-2-settori\/","url":"https:\/\/renexia.it\/fr\/parcs-eoliens\/sardegna-1-e-2-settori\/","name":"Sardaigne 1 et 2 - Renexia","isPartOf":{"@id":"https:\/\/renexia.it\/#website"},"primaryImageOfPage":{"@id":"https:\/\/renexia.it\/fr\/parcs-eoliens\/sardegna-1-e-2-settori\/#primaryimage"},"image":{"@id":"https:\/\/renexia.it\/fr\/parcs-eoliens\/sardegna-1-e-2-settori\/#primaryimage"},"thumbnailUrl":"https:\/\/renexia.it\/wp-content\/uploads\/2022\/09\/EolicoOffshore_floating3-web.jpg","datePublished":"2021-09-26T11:47:44+00:00","dateModified":"2022-10-23T22:56:40+00:00","description":"Le projet se trouve actuellement dans une phase pr\u00e9liminaire et il comprend deux parcs \u00e9oliens \u00e0 technologie flottante, avec une puissance install\u00e9e de 825 MW et 555 MW, situ\u00e9s au large des c\u00f4tes de la Sardaigne m\u00e9ridionale.","breadcrumb":{"@id":"https:\/\/renexia.it\/fr\/parcs-eoliens\/sardegna-1-e-2-settori\/#breadcrumb"},"inLanguage":"fr-FR","potentialAction":[{"@type":"ReadAction","target":["https:\/\/renexia.it\/fr\/parcs-eoliens\/sardegna-1-e-2-settori\/"]}]},{"@type":"ImageObject","inLanguage":"fr-FR","@id":"https:\/\/renexia.it\/fr\/parcs-eoliens\/sardegna-1-e-2-settori\/#primaryimage","url":"https:\/\/renexia.it\/wp-content\/uploads\/2022\/09\/EolicoOffshore_floating3-web.jpg","contentUrl":"https:\/\/renexia.it\/wp-content\/uploads\/2022\/09\/EolicoOffshore_floating3-web.jpg","width":2400,"height":1350},{"@type":"BreadcrumbList","@id":"https:\/\/renexia.it\/fr\/parcs-eoliens\/sardegna-1-e-2-settori\/#breadcrumb","itemListElement":[{"@type":"ListItem","position":1,"name":"Home","item":"https:\/\/renexia.it\/fr\/"},{"@type":"ListItem","position":2,"name":"\u00c9olien","item":"https:\/\/renexia.it\/fr\/parcs-eoliens\/"},{"@type":"ListItem","position":3,"name":"Sardaigne 1 et 2"}]},{"@type":"WebSite","@id":"https:\/\/renexia.it\/#website","url":"https:\/\/renexia.it\/","name":"Renexia","description":"\u00abFirst-mover\u00bb delle rinnovabili","publisher":{"@id":"https:\/\/renexia.it\/#organization"},"potentialAction":[{"@type":"SearchAction","target":{"@type":"EntryPoint","urlTemplate":"https:\/\/renexia.it\/?s={search_term_string}"},"query-input":{"@type":"PropertyValueSpecification","valueRequired":true,"valueName":"search_term_string"}}],"inLanguage":"fr-FR"},{"@type":"Organization","@id":"https:\/\/renexia.it\/#organization","name":"RENEXIA","url":"https:\/\/renexia.it\/","logo":{"@type":"ImageObject","inLanguage":"fr-FR","@id":"https:\/\/renexia.it\/#\/schema\/logo\/image\/","url":"https:\/\/renexia.it\/wp-content\/uploads\/2022\/06\/logo-renexia.png","contentUrl":"https:\/\/renexia.it\/wp-content\/uploads\/2022\/06\/logo-renexia.png","width":300,"height":85,"caption":"RENEXIA"},"image":{"@id":"https:\/\/renexia.it\/#\/schema\/logo\/image\/"}}]}},"acf":[],"_links":{"self":[{"href":"https:\/\/renexia.it\/fr\/wp-json\/wp\/v2\/pages\/118505","targetHints":{"allow":["GET"]}}],"collection":[{"href":"https:\/\/renexia.it\/fr\/wp-json\/wp\/v2\/pages"}],"about":[{"href":"https:\/\/renexia.it\/fr\/wp-json\/wp\/v2\/types\/page"}],"author":[{"embeddable":true,"href":"https:\/\/renexia.it\/fr\/wp-json\/wp\/v2\/users\/1"}],"replies":[{"embeddable":true,"href":"https:\/\/renexia.it\/fr\/wp-json\/wp\/v2\/comments?post=118505"}],"version-history":[{"count":6,"href":"https:\/\/renexia.it\/fr\/wp-json\/wp\/v2\/pages\/118505\/revisions"}],"predecessor-version":[{"id":118563,"href":"https:\/\/renexia.it\/fr\/wp-json\/wp\/v2\/pages\/118505\/revisions\/118563"}],"up":[{"embeddable":true,"href":"https:\/\/renexia.it\/fr\/wp-json\/wp\/v2\/pages\/118477"}],"wp:featuredmedia":[{"embeddable":true,"href":"https:\/\/renexia.it\/fr\/wp-json\/wp\/v2\/media\/115105"}],"wp:attachment":[{"href":"https:\/\/renexia.it\/fr\/wp-json\/wp\/v2\/media?parent=118505"}],"curies":[{"name":"wp","href":"https:\/\/api.w.org\/{rel}","templated":true}]}}