{"id":118467,"date":"2022-09-06T12:44:12","date_gmt":"2022-09-06T10:44:12","guid":{"rendered":"https:\/\/renexia.it\/faq-2\/"},"modified":"2023-05-29T21:26:01","modified_gmt":"2023-05-29T19:26:01","slug":"faq","status":"publish","type":"page","link":"https:\/\/renexia.it\/fr\/faq\/","title":{"rendered":"FAQ"},"content":{"rendered":"<div class=\"wpb-content-wrapper\"><p>[vc_row unlock_row_content=\u00a0\u00bbyes\u00a0\u00bb row_height_percent=\u00a0\u00bb0&Prime; override_padding=\u00a0\u00bbyes\u00a0\u00bb h_padding=\u00a0\u00bb2&Prime; top_padding=\u00a0\u00bb2&Prime; bottom_padding=\u00a0\u00bb0&Prime; overlay_alpha=\u00a0\u00bb50&Prime; gutter_size=\u00a0\u00bb3&Prime; column_width_percent=\u00a0\u00bb100&Prime; shift_y=\u00a0\u00bb0&Prime; z_index=\u00a0\u00bb0&Prime; mobile_visibility=\u00a0\u00bbyes\u00a0\u00bb uncode_shortcode_id=\u00a0\u00bb100744&Prime;][vc_column column_width_percent=\u00a0\u00bb100&Prime; position_horizontal=\u00a0\u00bbleft\u00a0\u00bb gutter_size=\u00a0\u00bb2&Prime; font_family=\u00a0\u00bbfont-136032&Prime; overlay_alpha=\u00a0\u00bb50&Prime; shift_x=\u00a0\u00bb0&Prime; shift_y=\u00a0\u00bb0&Prime; shift_y_down=\u00a0\u00bb0&Prime; z_index=\u00a0\u00bb0&Prime; medium_width=\u00a0\u00bb0&Prime; mobile_width=\u00a0\u00bb0&Prime; width=\u00a0\u00bb1\/1&Prime; uncode_shortcode_id=\u00a0\u00bb174762&Prime;][uncode_breadcrumbs text_lead=\u00a0\u00bbsmall\u00a0\u00bb medium_visibility=\u00a0\u00bbyes\u00a0\u00bb mobile_visibility=\u00a0\u00bbyes\u00a0\u00bb][\/vc_column][\/vc_row][vc_row row_height_percent=\u00a0\u00bb0&Prime; override_padding=\u00a0\u00bbyes\u00a0\u00bb h_padding=\u00a0\u00bb2&Prime; top_padding=\u00a0\u00bb4&Prime; bottom_padding=\u00a0\u00bb4&Prime; overlay_alpha=\u00a0\u00bb100&Prime; gutter_size=\u00a0\u00bb100&Prime; column_width_percent=\u00a0\u00bb100&Prime; shift_y=\u00a0\u00bb0&Prime; z_index=\u00a0\u00bb0&Prime; style=\u00a0\u00bbinherited\u00a0\u00bb][vc_column column_width_percent=\u00a0\u00bb100&Prime; gutter_size=\u00a0\u00bb3&Prime; overlay_alpha=\u00a0\u00bb50&Prime; shift_x=\u00a0\u00bb0&Prime; shift_y=\u00a0\u00bb0&Prime; shift_y_down=\u00a0\u00bb0&Prime; z_index=\u00a0\u00bb0&Prime; medium_width=\u00a0\u00bb0&Prime; mobile_width=\u00a0\u00bb0&Prime; zoom_width=\u00a0\u00bb0&Prime; zoom_height=\u00a0\u00bb0&Prime; width=\u00a0\u00bb1\/1&Prime; uncode_shortcode_id=\u00a0\u00bb790384&Prime;][vc_custom_heading heading_semantic=\u00a0\u00bbh3&Prime; text_size=\u00a0\u00bbh3&Prime; text_space=\u00a0\u00bbfontspace-781688&Prime; uncode_shortcode_id=\u00a0\u00bb268150&Prime;]\u00c9OLIEN OFFSHORE[\/vc_custom_heading][vc_accordion typography=\u00a0\u00bbyes\u00a0\u00bb sign=\u00a0\u00bbplus\u00a0\u00bb active_tab=\u00a0\u00bb0&Prime;][vc_accordion_tab gutter_size=\u00a0\u00bb2&Prime; column_padding=\u00a0\u00bb2&Prime; title=\u00a0\u00bbQUELS SONT LES AVANTAGES OFFERTS PAR UN PARC \u00c9OLIEN OFFSHORE FLOTTANT ?\u00a0\u00bb tab_id=\u00a0\u00bb24a731b5-e185-3&Prime;][vc_column_text uncode_shortcode_id=\u00a0\u00bb873589&Prime;]Un parc offshore floating est situ\u00e9 loin de la c\u00f4te et est, donc, invisible aux regards ; il n\u2019a pas besoin que les pales soient ancr\u00e9es dans les fonds marins ; il permet la construction de parcs tr\u00e8s grands, capables de produire l\u2019\u00e9nergie suffisante pour la transition et l\u2019ind\u00e9pendance \u00e9nerg\u00e9tique de l\u2019Italie.<br \/>\nLes turbines flottantes peuvent \u00eatre consid\u00e9r\u00e9es comme des r\u00e9cifs naturels qui constituent un endroit id\u00e9al pour le repeuplement de poissons et la protection de la biodiversit\u00e9 marine. Elles deviendront de v\u00e9ritables r\u00e9serves marines.<br \/>\n[\/vc_column_text][\/vc_accordion_tab][vc_accordion_tab gutter_size=\u00a0\u00bb2&Prime; column_padding=\u00a0\u00bb2&Prime; title=\u00a0\u00bbLES PALES SONT-ELLES DANGEREUSES POUR LES OISEAUX, NOTAMMENT LES OISEAUX MIGRATEURS ?\u00a0\u00bb tab_id=\u00a0\u00bb51669b3a-8e8e-2&Prime;][vc_column_text uncode_shortcode_id=\u00a0\u00bb427619&Prime;]Il existe de multiples syst\u00e8mes d&rsquo;ancrage, tant en mat\u00e9riau synth\u00e9tique qu\u2019en m\u00e9tal. Quel que soit le choix, il est possible de concevoir le syst\u00e8me de fa\u00e7on \u00e0 r\u00e9duire au maximum l\u2019impact sur la faune marine et de l\u2019annuler quasiment. Durant toute la phase de construction ainsi que durant le fonctionnement du parc, des capteurs sont install\u00e9s pour relever le niveau de toute interf\u00e9rence sonore \u00e9ventuelle pour les poissons et l\u2019avifaune.[\/vc_column_text][\/vc_accordion_tab][vc_accordion_tab gutter_size=\u00a0\u00bb2&Prime; column_padding=\u00a0\u00bb2&Prime; title=\u00a0\u00bbLES PALES SONT-ELLES DANGEREUSES POUR LES OISEAUX, NOTAMMENT LES OISEAUX MIGRATEURS ?\u00a0\u00bb tab_id=\u00a0\u00bbef5915c9-1af0-2&Prime;][vc_column_text uncode_shortcode_id=\u00a0\u00bb191203&Prime;]Les turbines seront \u00e9quip\u00e9es de capteurs qui permettront d\u2019arr\u00eater le mouvement de rotation des pales \u00e0 l\u2019approche de vol\u00e9es d\u2019oiseaux. Ce syst\u00e8me est en phase d\u2019installation dans le seul parc marin actuellement existant en Italie, \u00e0 Tarante. Du point de vue chromatique \u00e9galement, les directives seront respect\u00e9es pour faire en sorte qu\u2019elles soient bien visibles aux oiseaux se rapprochant.[\/vc_column_text][\/vc_accordion_tab][vc_accordion_tab gutter_size=\u00a0\u00bb2&Prime; column_padding=\u00a0\u00bb2&Prime; title=\u00a0\u00bbQUELLE EST LA DUR\u00c9E DE VIE D\u2019UN PARC \u00c9OLIEN OFFSHORE ? \u00a0\u00bb tab_id=\u00a0\u00bb0a882431-6c4b-0&Prime;][vc_column_text uncode_shortcode_id=\u00a0\u00bb243347&Prime;]La dur\u00e9e de vie moyenne d\u2019un parc marin est de 25 ans environ.<br \/>\nLe parc \u00e9olien est principalement compos\u00e9 de mat\u00e9riaux r\u00e9cup\u00e9rables tels que l\u2019acier, par exemple, qui sont, donc, presque enti\u00e8rement recycl\u00e9s \u00e0 la fin du cycle de vie. Les ancres feront d\u00e9sormais partie des fonds marins gr\u00e2ce \u00e0 leur r\u00f4le de restauration de l\u2019\u00e9cosyst\u00e8me marin<br \/>\n[\/vc_column_text][\/vc_accordion_tab][vc_accordion_tab gutter_size=\u00a0\u00bb2&Prime; column_padding=\u00a0\u00bb2&Prime; title=\u00a0\u00bbEST-CE QU\u2019UN PARC \u00c9OLIEN AUSSI GRAND \u00c9LIMINERA LE MOYEN DE SUBSISTANCE DES P\u00caCHEURS ?\u00a0\u00bb tab_id=\u00a0\u00bb1662488259625-4-4&Prime;][vc_column_text uncode_shortcode_id=\u00a0\u00bb155311&Prime;]Renexia a pour politique l\u2019inclusivit\u00e9 et l\u2019\u00e9coute des territoires et de leurs besoins. Les cat\u00e9gories avec lesquelles nous entretenons un dialogue constant et une confrontation constructive comprennent certainement les secteurs li\u00e9s \u00e0 la p\u00eache. Une fois l\u2019emplacement convenu, afin de respecter les exigences de tous, l\u2019espace d\u00e9di\u00e9 au parc \u00e9olien sera un espace effectif de p\u00eache interdite et permettra la reconstitution de l\u2019\u00e9cosyst\u00e8me marin, appauvri par des ann\u00e9es de m\u00e9thodes de p\u00eache ill\u00e9gale et fortement nuisible.[\/vc_column_text][\/vc_accordion_tab][vc_accordion_tab gutter_size=\u00a0\u00bb2&Prime; column_padding=\u00a0\u00bb2&Prime; title=\u00a0\u00bbUN PARC \u00c9OLIEN \u00c9MET-IL DES ONDES \u00c9LECTROMAGN\u00c9TIQUES NOCIVES POUR L\u2019ENVIRONNEMENT ?\u00a0\u00bb tab_id=\u00a0\u00bb1662488350491-5-4&Prime;][vc_column_text uncode_shortcode_id=\u00a0\u00bb807492&Prime;]Il y a de nombreux parcs \u00e9oliens dans la Mer du Nord et au large des c\u00f4tes anglaises et toutes les \u00e9tudes men\u00e9es, m\u00eame par des organismes ind\u00e9pendants de contr\u00f4le, ne rel\u00e8vent aucune \u00e9mission d\u2019ondes \u00e9lectromagn\u00e9tiques provenant d\u2019un parc \u00e9olien.[\/vc_column_text][\/vc_accordion_tab][\/vc_accordion][\/vc_column][\/vc_row][vc_row unlock_row_content=\u00a0\u00bbyes\u00a0\u00bb row_height_percent=\u00a0\u00bb0&Prime; override_padding=\u00a0\u00bbyes\u00a0\u00bb h_padding=\u00a0\u00bb0&Prime; top_padding=\u00a0\u00bb0&Prime; bottom_padding=\u00a0\u00bb0&Prime; overlay_alpha=\u00a0\u00bb50&Prime; gutter_size=\u00a0\u00bb3&Prime; shift_y=\u00a0\u00bb0&Prime;][vc_column column_width_percent=\u00a0\u00bb100&Prime; gutter_size=\u00a0\u00bb3&Prime; overlay_alpha=\u00a0\u00bb50&Prime; shift_x=\u00a0\u00bb0&Prime; shift_y=\u00a0\u00bb0&Prime; medium_width=\u00a0\u00bb0&Prime; zoom_width=\u00a0\u00bb0&Prime; zoom_height=\u00a0\u00bb0&Prime; width=\u00a0\u00bb1\/1&Prime;][vc_separator sep_color=\u00a0\u00bb,Default\u00a0\u00bb][\/vc_column][\/vc_row]<\/p>\n<\/div>","protected":false},"excerpt":{"rendered":"<p>[vc_row unlock_row_content=\u00a0\u00bbyes\u00a0\u00bb row_height_percent=\u00a0\u00bb0&Prime; override_padding=\u00a0\u00bbyes\u00a0\u00bb h_padding=\u00a0\u00bb2&Prime; top_padding=\u00a0\u00bb2&Prime; bottom_padding=\u00a0\u00bb0&Prime; overlay_alpha=\u00a0\u00bb50&Prime; gutter_size=\u00a0\u00bb3&Prime; column_width_percent=\u00a0\u00bb100&Prime; shift_y=\u00a0\u00bb0&Prime; z_index=\u00a0\u00bb0&Prime; mobile_visibility=\u00a0\u00bbyes\u00a0\u00bb uncode_shortcode_id=\u00a0\u00bb100744&Prime;][vc_column column_width_percent=\u00a0\u00bb100&Prime; position_horizontal=\u00a0\u00bbleft\u00a0\u00bb gutter_size=\u00a0\u00bb2&Prime; font_family=\u00a0\u00bbfont-136032&Prime; overlay_alpha=\u00a0\u00bb50&Prime; shift_x=\u00a0\u00bb0&Prime; [&hellip;]<\/p>\n","protected":false},"author":1,"featured_media":0,"parent":0,"menu_order":0,"comment_status":"open","ping_status":"open","template":"","meta":{"_acf_changed":false,"footnotes":""},"class_list":["post-118467","page","type-page","status-publish","hentry"],"yoast_head":"<!-- This site is optimized with the Yoast SEO plugin v27.2 - https:\/\/yoast.com\/product\/yoast-seo-wordpress\/ -->\n<title>FAQ - Renexia<\/title>\n<meta name=\"robots\" content=\"index, follow, max-snippet:-1, max-image-preview:large, max-video-preview:-1\" \/>\n<link rel=\"canonical\" href=\"https:\/\/renexia.it\/fr\/faq\/\" \/>\n<meta property=\"og:locale\" content=\"fr_FR\" \/>\n<meta property=\"og:type\" content=\"article\" \/>\n<meta property=\"og:title\" content=\"FAQ - Renexia\" \/>\n<meta property=\"og:description\" content=\"[vc_row unlock_row_content=\u00a0\u00bbyes\u00a0\u00bb row_height_percent=\u00a0\u00bb0&Prime; override_padding=\u00a0\u00bbyes\u00a0\u00bb h_padding=\u00a0\u00bb2&Prime; top_padding=\u00a0\u00bb2&Prime; bottom_padding=\u00a0\u00bb0&Prime; overlay_alpha=\u00a0\u00bb50&Prime; gutter_size=\u00a0\u00bb3&Prime; column_width_percent=\u00a0\u00bb100&Prime; shift_y=\u00a0\u00bb0&Prime; z_index=\u00a0\u00bb0&Prime; mobile_visibility=\u00a0\u00bbyes\u00a0\u00bb uncode_shortcode_id=\u00a0\u00bb100744&Prime;][vc_column column_width_percent=\u00a0\u00bb100&Prime; position_horizontal=\u00a0\u00bbleft\u00a0\u00bb gutter_size=\u00a0\u00bb2&Prime; font_family=\u00a0\u00bbfont-136032&Prime; overlay_alpha=\u00a0\u00bb50&Prime; shift_x=\u00a0\u00bb0&Prime; [&hellip;]\" \/>\n<meta property=\"og:url\" content=\"https:\/\/renexia.it\/fr\/faq\/\" \/>\n<meta property=\"og:site_name\" content=\"Renexia\" \/>\n<meta property=\"article:modified_time\" content=\"2023-05-29T19:26:01+00:00\" \/>\n<meta name=\"twitter:card\" content=\"summary_large_image\" \/>\n<meta name=\"twitter:label1\" content=\"Dur\u00e9e de lecture estim\u00e9e\" \/>\n\t<meta name=\"twitter:data1\" content=\"3 minutes\" \/>\n<script type=\"application\/ld+json\" class=\"yoast-schema-graph\">{\"@context\":\"https:\/\/schema.org\",\"@graph\":[{\"@type\":\"WebPage\",\"@id\":\"https:\/\/renexia.it\/fr\/faq\/\",\"url\":\"https:\/\/renexia.it\/fr\/faq\/\",\"name\":\"FAQ - Renexia\",\"isPartOf\":{\"@id\":\"https:\/\/renexia.it\/#website\"},\"datePublished\":\"2022-09-06T10:44:12+00:00\",\"dateModified\":\"2023-05-29T19:26:01+00:00\",\"breadcrumb\":{\"@id\":\"https:\/\/renexia.it\/fr\/faq\/#breadcrumb\"},\"inLanguage\":\"fr-FR\",\"potentialAction\":[{\"@type\":\"ReadAction\",\"target\":[\"https:\/\/renexia.it\/fr\/faq\/\"]}]},{\"@type\":\"BreadcrumbList\",\"@id\":\"https:\/\/renexia.it\/fr\/faq\/#breadcrumb\",\"itemListElement\":[{\"@type\":\"ListItem\",\"position\":1,\"name\":\"Home\",\"item\":\"https:\/\/renexia.it\/fr\/\"},{\"@type\":\"ListItem\",\"position\":2,\"name\":\"FAQ\"}]},{\"@type\":\"WebSite\",\"@id\":\"https:\/\/renexia.it\/#website\",\"url\":\"https:\/\/renexia.it\/\",\"name\":\"Renexia\",\"description\":\"\u00abFirst-mover\u00bb delle rinnovabili\",\"publisher\":{\"@id\":\"https:\/\/renexia.it\/#organization\"},\"potentialAction\":[{\"@type\":\"SearchAction\",\"target\":{\"@type\":\"EntryPoint\",\"urlTemplate\":\"https:\/\/renexia.it\/?s={search_term_string}\"},\"query-input\":{\"@type\":\"PropertyValueSpecification\",\"valueRequired\":true,\"valueName\":\"search_term_string\"}}],\"inLanguage\":\"fr-FR\"},{\"@type\":\"Organization\",\"@id\":\"https:\/\/renexia.it\/#organization\",\"name\":\"RENEXIA\",\"url\":\"https:\/\/renexia.it\/\",\"logo\":{\"@type\":\"ImageObject\",\"inLanguage\":\"fr-FR\",\"@id\":\"https:\/\/renexia.it\/#\/schema\/logo\/image\/\",\"url\":\"https:\/\/renexia.it\/wp-content\/uploads\/2022\/06\/logo-renexia.png\",\"contentUrl\":\"https:\/\/renexia.it\/wp-content\/uploads\/2022\/06\/logo-renexia.png\",\"width\":300,\"height\":85,\"caption\":\"RENEXIA\"},\"image\":{\"@id\":\"https:\/\/renexia.it\/#\/schema\/logo\/image\/\"}}]}<\/script>\n<!-- \/ Yoast SEO plugin. -->","yoast_head_json":{"title":"FAQ - Renexia","robots":{"index":"index","follow":"follow","max-snippet":"max-snippet:-1","max-image-preview":"max-image-preview:large","max-video-preview":"max-video-preview:-1"},"canonical":"https:\/\/renexia.it\/fr\/faq\/","og_locale":"fr_FR","og_type":"article","og_title":"FAQ - Renexia","og_description":"[vc_row unlock_row_content=\u00a0\u00bbyes\u00a0\u00bb row_height_percent=\u00a0\u00bb0&Prime; override_padding=\u00a0\u00bbyes\u00a0\u00bb h_padding=\u00a0\u00bb2&Prime; top_padding=\u00a0\u00bb2&Prime; bottom_padding=\u00a0\u00bb0&Prime; overlay_alpha=\u00a0\u00bb50&Prime; gutter_size=\u00a0\u00bb3&Prime; column_width_percent=\u00a0\u00bb100&Prime; shift_y=\u00a0\u00bb0&Prime; z_index=\u00a0\u00bb0&Prime; mobile_visibility=\u00a0\u00bbyes\u00a0\u00bb uncode_shortcode_id=\u00a0\u00bb100744&Prime;][vc_column column_width_percent=\u00a0\u00bb100&Prime; position_horizontal=\u00a0\u00bbleft\u00a0\u00bb gutter_size=\u00a0\u00bb2&Prime; font_family=\u00a0\u00bbfont-136032&Prime; overlay_alpha=\u00a0\u00bb50&Prime; shift_x=\u00a0\u00bb0&Prime; [&hellip;]","og_url":"https:\/\/renexia.it\/fr\/faq\/","og_site_name":"Renexia","article_modified_time":"2023-05-29T19:26:01+00:00","twitter_card":"summary_large_image","twitter_misc":{"Dur\u00e9e de lecture estim\u00e9e":"3 minutes"},"schema":{"@context":"https:\/\/schema.org","@graph":[{"@type":"WebPage","@id":"https:\/\/renexia.it\/fr\/faq\/","url":"https:\/\/renexia.it\/fr\/faq\/","name":"FAQ - Renexia","isPartOf":{"@id":"https:\/\/renexia.it\/#website"},"datePublished":"2022-09-06T10:44:12+00:00","dateModified":"2023-05-29T19:26:01+00:00","breadcrumb":{"@id":"https:\/\/renexia.it\/fr\/faq\/#breadcrumb"},"inLanguage":"fr-FR","potentialAction":[{"@type":"ReadAction","target":["https:\/\/renexia.it\/fr\/faq\/"]}]},{"@type":"BreadcrumbList","@id":"https:\/\/renexia.it\/fr\/faq\/#breadcrumb","itemListElement":[{"@type":"ListItem","position":1,"name":"Home","item":"https:\/\/renexia.it\/fr\/"},{"@type":"ListItem","position":2,"name":"FAQ"}]},{"@type":"WebSite","@id":"https:\/\/renexia.it\/#website","url":"https:\/\/renexia.it\/","name":"Renexia","description":"\u00abFirst-mover\u00bb delle rinnovabili","publisher":{"@id":"https:\/\/renexia.it\/#organization"},"potentialAction":[{"@type":"SearchAction","target":{"@type":"EntryPoint","urlTemplate":"https:\/\/renexia.it\/?s={search_term_string}"},"query-input":{"@type":"PropertyValueSpecification","valueRequired":true,"valueName":"search_term_string"}}],"inLanguage":"fr-FR"},{"@type":"Organization","@id":"https:\/\/renexia.it\/#organization","name":"RENEXIA","url":"https:\/\/renexia.it\/","logo":{"@type":"ImageObject","inLanguage":"fr-FR","@id":"https:\/\/renexia.it\/#\/schema\/logo\/image\/","url":"https:\/\/renexia.it\/wp-content\/uploads\/2022\/06\/logo-renexia.png","contentUrl":"https:\/\/renexia.it\/wp-content\/uploads\/2022\/06\/logo-renexia.png","width":300,"height":85,"caption":"RENEXIA"},"image":{"@id":"https:\/\/renexia.it\/#\/schema\/logo\/image\/"}}]}},"acf":[],"_links":{"self":[{"href":"https:\/\/renexia.it\/fr\/wp-json\/wp\/v2\/pages\/118467","targetHints":{"allow":["GET"]}}],"collection":[{"href":"https:\/\/renexia.it\/fr\/wp-json\/wp\/v2\/pages"}],"about":[{"href":"https:\/\/renexia.it\/fr\/wp-json\/wp\/v2\/types\/page"}],"author":[{"embeddable":true,"href":"https:\/\/renexia.it\/fr\/wp-json\/wp\/v2\/users\/1"}],"replies":[{"embeddable":true,"href":"https:\/\/renexia.it\/fr\/wp-json\/wp\/v2\/comments?post=118467"}],"version-history":[{"count":3,"href":"https:\/\/renexia.it\/fr\/wp-json\/wp\/v2\/pages\/118467\/revisions"}],"predecessor-version":[{"id":118470,"href":"https:\/\/renexia.it\/fr\/wp-json\/wp\/v2\/pages\/118467\/revisions\/118470"}],"wp:attachment":[{"href":"https:\/\/renexia.it\/fr\/wp-json\/wp\/v2\/media?parent=118467"}],"curies":[{"name":"wp","href":"https:\/\/api.w.org\/{rel}","templated":true}]}}