{"id":118422,"date":"2022-06-29T00:15:47","date_gmt":"2022-06-28T22:15:47","guid":{"rendered":"https:\/\/renexia.it\/renexia-services\/"},"modified":"2022-11-18T16:53:14","modified_gmt":"2022-11-18T15:53:14","slug":"renexia-services","status":"publish","type":"page","link":"https:\/\/renexia.it\/fr\/renexia-services\/","title":{"rendered":"Renexia Services"},"content":{"rendered":"<div class=\"wpb-content-wrapper\"><p>[vc_row unlock_row_content=\u00a0\u00bbyes\u00a0\u00bb row_height_percent=\u00a0\u00bb0&Prime; override_padding=\u00a0\u00bbyes\u00a0\u00bb h_padding=\u00a0\u00bb2&Prime; top_padding=\u00a0\u00bb2&Prime; bottom_padding=\u00a0\u00bb0&Prime; overlay_alpha=\u00a0\u00bb50&Prime; gutter_size=\u00a0\u00bb3&Prime; column_width_percent=\u00a0\u00bb100&Prime; shift_y=\u00a0\u00bb0&Prime; z_index=\u00a0\u00bb0&Prime; uncode_shortcode_id=\u00a0\u00bb207117&Prime;][vc_column column_width_percent=\u00a0\u00bb100&Prime; position_horizontal=\u00a0\u00bbleft\u00a0\u00bb gutter_size=\u00a0\u00bb2&Prime; font_family=\u00a0\u00bbfont-136032&Prime; overlay_alpha=\u00a0\u00bb50&Prime; shift_x=\u00a0\u00bb0&Prime; shift_y=\u00a0\u00bb0&Prime; shift_y_down=\u00a0\u00bb0&Prime; z_index=\u00a0\u00bb0&Prime; medium_width=\u00a0\u00bb0&Prime; mobile_width=\u00a0\u00bb0&Prime; width=\u00a0\u00bb1\/1&Prime; uncode_shortcode_id=\u00a0\u00bb174762&Prime;][uncode_breadcrumbs text_lead=\u00a0\u00bbsmall\u00a0\u00bb medium_visibility=\u00a0\u00bbyes\u00a0\u00bb mobile_visibility=\u00a0\u00bbyes\u00a0\u00bb][\/vc_column][\/vc_row][vc_row row_height_percent=\u00a0\u00bb0&Prime; override_padding=\u00a0\u00bbyes\u00a0\u00bb h_padding=\u00a0\u00bb0&Prime; top_padding=\u00a0\u00bb4&Prime; bottom_padding=\u00a0\u00bb4&Prime; overlay_alpha=\u00a0\u00bb50&Prime; gutter_size=\u00a0\u00bb3&Prime; column_width_percent=\u00a0\u00bb100&Prime; shift_y=\u00a0\u00bb0&Prime; z_index=\u00a0\u00bb0&Prime; uncode_shortcode_id=\u00a0\u00bb966505&Prime;][vc_column column_width_percent=\u00a0\u00bb100&Prime; gutter_size=\u00a0\u00bb3&Prime; back_color=\u00a0\u00bbcolor-xsdn\u00a0\u00bb overlay_alpha=\u00a0\u00bb50&Prime; shift_x=\u00a0\u00bb0&Prime; shift_y=\u00a0\u00bb-4&Prime; shift_y_fixed=\u00a0\u00bbyes\u00a0\u00bb shift_y_down=\u00a0\u00bb0&Prime; z_index=\u00a0\u00bb0&Prime; medium_width=\u00a0\u00bb0&Prime; mobile_width=\u00a0\u00bb0&Prime; width=\u00a0\u00bb1\/1&Prime; uncode_shortcode_id=\u00a0\u00bb202221&Prime; back_color_type=\u00a0\u00bbuncode-palette\u00a0\u00bb][vc_row_inner row_inner_height_percent=\u00a0\u00bb0&Prime; overlay_alpha=\u00a0\u00bb50&Prime; equal_height=\u00a0\u00bbyes\u00a0\u00bb gutter_size=\u00a0\u00bb0&Prime; shift_y=\u00a0\u00bb0&Prime; z_index=\u00a0\u00bb0&Prime; limit_content=\u00a0\u00bb\u00a0\u00bb uncode_shortcode_id=\u00a0\u00bb149519&Prime; css=\u00a0\u00bb.vc_custom_1668762665098{margin-bottom: 8% !important;}\u00a0\u00bb shape_dividers=\u00a0\u00bb\u00a0\u00bb][vc_column_inner column_width_percent=\u00a0\u00bb100&Prime; position_horizontal=\u00a0\u00bbleft\u00a0\u00bb position_vertical=\u00a0\u00bbmiddle\u00a0\u00bb gutter_size=\u00a0\u00bb3&Prime; override_padding=\u00a0\u00bbyes\u00a0\u00bb column_padding=\u00a0\u00bb0&Prime; overlay_alpha=\u00a0\u00bb50&Prime; shift_x=\u00a0\u00bb0&Prime; shift_y=\u00a0\u00bb0&Prime; shift_y_down=\u00a0\u00bb0&Prime; z_index=\u00a0\u00bb0&Prime; medium_width=\u00a0\u00bb5&Prime; mobile_width=\u00a0\u00bb0&Prime; width=\u00a0\u00bb2\/3&Prime; uncode_shortcode_id=\u00a0\u00bb828368&Prime;][vc_single_image media=\u00a0\u00bb118991&Prime; media_width_percent=\u00a0\u00bb56&Prime; uncode_shortcode_id=\u00a0\u00bb133060&Prime;][\/vc_column_inner][vc_column_inner column_width_percent=\u00a0\u00bb100&Prime; position_horizontal=\u00a0\u00bbleft\u00a0\u00bb gutter_size=\u00a0\u00bb3&Prime; overlay_alpha=\u00a0\u00bb50&Prime; shift_x=\u00a0\u00bb0&Prime; shift_y=\u00a0\u00bb0&Prime; shift_y_down=\u00a0\u00bb0&Prime; z_index=\u00a0\u00bb0&Prime; medium_width=\u00a0\u00bb0&Prime; mobile_width=\u00a0\u00bb0&Prime; width=\u00a0\u00bb1\/3&Prime; uncode_shortcode_id=\u00a0\u00bb109826&Prime;][\/vc_column_inner][\/vc_row_inner][vc_row_inner row_inner_height_percent=\u00a0\u00bb0&Prime; overlay_alpha=\u00a0\u00bb50&Prime; equal_height=\u00a0\u00bbyes\u00a0\u00bb gutter_size=\u00a0\u00bb0&Prime; shift_y=\u00a0\u00bb-3&Prime; z_index=\u00a0\u00bb0&Prime; limit_content=\u00a0\u00bb\u00a0\u00bb uncode_shortcode_id=\u00a0\u00bb927381&Prime;][vc_column_inner column_width_percent=\u00a0\u00bb100&Prime; gutter_size=\u00a0\u00bb3&Prime; override_padding=\u00a0\u00bbyes\u00a0\u00bb column_padding=\u00a0\u00bb0&Prime; overlay_alpha=\u00a0\u00bb50&Prime; border_color=\u00a0\u00bbcolor-gyho\u00a0\u00bb border_style=\u00a0\u00bbsolid\u00a0\u00bb shift_x=\u00a0\u00bb0&Prime; shift_y=\u00a0\u00bb0&Prime; shift_y_down=\u00a0\u00bb0&Prime; z_index=\u00a0\u00bb0&Prime; medium_width=\u00a0\u00bb5&Prime; mobile_width=\u00a0\u00bb0&Prime; width=\u00a0\u00bb2\/3&Prime; css=\u00a0\u00bb.vc_custom_1668760828471{border-right-width: 1px !important;}\u00a0\u00bb uncode_shortcode_id=\u00a0\u00bb643532&Prime; border_color_type=\u00a0\u00bbuncode-palette\u00a0\u00bb][vc_column_text uncode_shortcode_id=\u00a0\u00bb181943&Prime;]Soci\u00e9t\u00e9 \u00e0 responsabilit\u00e9 limit\u00e9e, n\u00e9e en 2015, avec l\u2019objectif de r\u00e9aliser des installations de production d\u2019\u00e9lectricit\u00e9 \u00e0 partir de sources renouvelables. L\u2019\u00e9quipe de Renexia Services, compos\u00e9e de ressources hautement qualifi\u00e9es, a enti\u00e8rement construit un parc \u00e9olien de 27 MW dans les localit\u00e9s Piana Barone \u2013 Costa Pagliara \u2013 Circello (BN).[\/vc_column_text][\/vc_column_inner][vc_column_inner column_width_percent=\u00a0\u00bb100&Prime; position_horizontal=\u00a0\u00bbleft\u00a0\u00bb gutter_size=\u00a0\u00bb3&Prime; override_padding=\u00a0\u00bbyes\u00a0\u00bb column_padding=\u00a0\u00bb3&Prime; overlay_alpha=\u00a0\u00bb50&Prime; shift_x=\u00a0\u00bb0&Prime; shift_y=\u00a0\u00bb0&Prime; shift_y_down=\u00a0\u00bb0&Prime; z_index=\u00a0\u00bb0&Prime; medium_width=\u00a0\u00bb6&Prime; align_mobile=\u00a0\u00bbalign_left_mobile\u00a0\u00bb mobile_width=\u00a0\u00bb0&Prime; width=\u00a0\u00bb1\/3&Prime; uncode_shortcode_id=\u00a0\u00bb683172&Prime;][uncode_list larger=\u00a0\u00bbsmall\u00a0\u00bb icon=\u00a0\u00bbfa fa-file-pdf-o\u00a0\u00bb uncode_shortcode_id=\u00a0\u00bb889907&Prime; icon_color_type=\u00a0\u00bbuncode-solid\u00a0\u00bb icon_color_solid=\u00a0\u00bb#ff0000&Prime;]<\/p>\n<ul>\n<li><a href=\"https:\/\/renexia.it\/wp-content\/uploads\/2022\/07\/01_Parte-Generale_Renexia-Services_2021-1.pdf\" target=\"_blank\" rel=\"noopener\">Mod\u00e8le d\u2019organisation<\/a><\/li>\n<li><a href=\"https:\/\/renexia.it\/wp-content\/uploads\/2022\/07\/Codice-Etico-Gruppo-TOTO_Renexia-Services-v6.pdf\" target=\"_blank\" rel=\"noopener\">Code \u00c9thique<\/a><\/li>\n<li><a href=\"https:\/\/renexia.it\/wp-content\/uploads\/2022\/07\/TH_Politica-per-la-Prevenzione-della-Corruzione-1.pdf\" target=\"_blank\" rel=\"noopener\">Politique de lutte contre la corruption<\/a><\/li>\n<li><a href=\"https:\/\/renexia.it\/wp-content\/uploads\/2022\/07\/02_9001_RNX-SERVICES_IAF28_IT.pdf\" target=\"_blank\" rel=\"noopener\">Certificats ISO 9001<\/a><\/li>\n<li><a href=\"https:\/\/renexia.it\/wp-content\/uploads\/2022\/07\/02_14001_RNX-SERVICES_IT.pdf\" target=\"_blank\" rel=\"noopener\">Certificats ISO 14001<\/a><\/li>\n<li><a href=\"https:\/\/renexia.it\/wp-content\/uploads\/2022\/07\/02_45001_RNX-SERVICES_IT.pdf\" target=\"_blank\" rel=\"noopener\">Certificats ISO 45001<\/a><\/li>\n<li><a href=\"https:\/\/renexia.it\/wp-content\/uploads\/2022\/07\/Renexia-Services-ISO-50001_01-407-2117551_Annex_IT.pdf\" target=\"_blank\" rel=\"noopener\">Certificats ISO 50001<\/a><\/li>\n<\/ul>\n<p>[\/uncode_list][\/vc_column_inner][\/vc_row_inner][\/vc_column][\/vc_row]<\/p>\n<\/div>","protected":false},"excerpt":{"rendered":"<p>[vc_row unlock_row_content=\u00a0\u00bbyes\u00a0\u00bb row_height_percent=\u00a0\u00bb0&Prime; override_padding=\u00a0\u00bbyes\u00a0\u00bb h_padding=\u00a0\u00bb2&Prime; top_padding=\u00a0\u00bb2&Prime; bottom_padding=\u00a0\u00bb0&Prime; overlay_alpha=\u00a0\u00bb50&Prime; gutter_size=\u00a0\u00bb3&Prime; column_width_percent=\u00a0\u00bb100&Prime; shift_y=\u00a0\u00bb0&Prime; z_index=\u00a0\u00bb0&Prime; uncode_shortcode_id=\u00a0\u00bb207117&Prime;][vc_column column_width_percent=\u00a0\u00bb100&Prime; position_horizontal=\u00a0\u00bbleft\u00a0\u00bb gutter_size=\u00a0\u00bb2&Prime; font_family=\u00a0\u00bbfont-136032&Prime; overlay_alpha=\u00a0\u00bb50&Prime; shift_x=\u00a0\u00bb0&Prime; shift_y=\u00a0\u00bb0&Prime; [&hellip;]<\/p>\n","protected":false},"author":1,"featured_media":0,"parent":0,"menu_order":0,"comment_status":"closed","ping_status":"closed","template":"","meta":{"_acf_changed":false,"footnotes":""},"class_list":["post-118422","page","type-page","status-publish","hentry"],"yoast_head":"<!-- This site is optimized with the Yoast SEO plugin v27.2 - https:\/\/yoast.com\/product\/yoast-seo-wordpress\/ -->\n<title>Renexia Services - Renexia<\/title>\n<meta name=\"description\" content=\"Soci\u00e9t\u00e9 \u00e0 responsabilit\u00e9 limit\u00e9e, n\u00e9e en 2015, avec l\u2019objectif de r\u00e9aliser des installations de production d\u2019\u00e9lectricit\u00e9 \u00e0 partir de sources renouvelables.\" \/>\n<meta name=\"robots\" content=\"index, follow, max-snippet:-1, max-image-preview:large, max-video-preview:-1\" \/>\n<link rel=\"canonical\" href=\"https:\/\/renexia.it\/fr\/renexia-services\/\" \/>\n<meta property=\"og:locale\" content=\"fr_FR\" \/>\n<meta property=\"og:type\" content=\"article\" \/>\n<meta property=\"og:title\" content=\"Renexia Services - Renexia\" \/>\n<meta property=\"og:description\" content=\"Soci\u00e9t\u00e9 \u00e0 responsabilit\u00e9 limit\u00e9e, n\u00e9e en 2015, avec l\u2019objectif de r\u00e9aliser des installations de production d\u2019\u00e9lectricit\u00e9 \u00e0 partir de sources renouvelables.\" \/>\n<meta property=\"og:url\" content=\"https:\/\/renexia.it\/fr\/renexia-services\/\" \/>\n<meta property=\"og:site_name\" content=\"Renexia\" \/>\n<meta property=\"article:modified_time\" content=\"2022-11-18T15:53:14+00:00\" \/>\n<meta name=\"twitter:card\" content=\"summary_large_image\" \/>\n<meta name=\"twitter:label1\" content=\"Dur\u00e9e de lecture estim\u00e9e\" \/>\n\t<meta name=\"twitter:data1\" content=\"2 minutes\" \/>\n<script type=\"application\/ld+json\" class=\"yoast-schema-graph\">{\"@context\":\"https:\/\/schema.org\",\"@graph\":[{\"@type\":\"WebPage\",\"@id\":\"https:\/\/renexia.it\/fr\/renexia-services\/\",\"url\":\"https:\/\/renexia.it\/fr\/renexia-services\/\",\"name\":\"Renexia Services - Renexia\",\"isPartOf\":{\"@id\":\"https:\/\/renexia.it\/#website\"},\"datePublished\":\"2022-06-28T22:15:47+00:00\",\"dateModified\":\"2022-11-18T15:53:14+00:00\",\"description\":\"Soci\u00e9t\u00e9 \u00e0 responsabilit\u00e9 limit\u00e9e, n\u00e9e en 2015, avec l\u2019objectif de r\u00e9aliser des installations de production d\u2019\u00e9lectricit\u00e9 \u00e0 partir de sources renouvelables.\",\"breadcrumb\":{\"@id\":\"https:\/\/renexia.it\/fr\/renexia-services\/#breadcrumb\"},\"inLanguage\":\"fr-FR\",\"potentialAction\":[{\"@type\":\"ReadAction\",\"target\":[\"https:\/\/renexia.it\/fr\/renexia-services\/\"]}]},{\"@type\":\"BreadcrumbList\",\"@id\":\"https:\/\/renexia.it\/fr\/renexia-services\/#breadcrumb\",\"itemListElement\":[{\"@type\":\"ListItem\",\"position\":1,\"name\":\"Home\",\"item\":\"https:\/\/renexia.it\/fr\/\"},{\"@type\":\"ListItem\",\"position\":2,\"name\":\"Renexia Services\"}]},{\"@type\":\"WebSite\",\"@id\":\"https:\/\/renexia.it\/#website\",\"url\":\"https:\/\/renexia.it\/\",\"name\":\"Renexia\",\"description\":\"\u00abFirst-mover\u00bb delle rinnovabili\",\"publisher\":{\"@id\":\"https:\/\/renexia.it\/#organization\"},\"potentialAction\":[{\"@type\":\"SearchAction\",\"target\":{\"@type\":\"EntryPoint\",\"urlTemplate\":\"https:\/\/renexia.it\/?s={search_term_string}\"},\"query-input\":{\"@type\":\"PropertyValueSpecification\",\"valueRequired\":true,\"valueName\":\"search_term_string\"}}],\"inLanguage\":\"fr-FR\"},{\"@type\":\"Organization\",\"@id\":\"https:\/\/renexia.it\/#organization\",\"name\":\"RENEXIA\",\"url\":\"https:\/\/renexia.it\/\",\"logo\":{\"@type\":\"ImageObject\",\"inLanguage\":\"fr-FR\",\"@id\":\"https:\/\/renexia.it\/#\/schema\/logo\/image\/\",\"url\":\"https:\/\/renexia.it\/wp-content\/uploads\/2022\/06\/logo-renexia.png\",\"contentUrl\":\"https:\/\/renexia.it\/wp-content\/uploads\/2022\/06\/logo-renexia.png\",\"width\":300,\"height\":85,\"caption\":\"RENEXIA\"},\"image\":{\"@id\":\"https:\/\/renexia.it\/#\/schema\/logo\/image\/\"}}]}<\/script>\n<!-- \/ Yoast SEO plugin. -->","yoast_head_json":{"title":"Renexia Services - Renexia","description":"Soci\u00e9t\u00e9 \u00e0 responsabilit\u00e9 limit\u00e9e, n\u00e9e en 2015, avec l\u2019objectif de r\u00e9aliser des installations de production d\u2019\u00e9lectricit\u00e9 \u00e0 partir de sources renouvelables.","robots":{"index":"index","follow":"follow","max-snippet":"max-snippet:-1","max-image-preview":"max-image-preview:large","max-video-preview":"max-video-preview:-1"},"canonical":"https:\/\/renexia.it\/fr\/renexia-services\/","og_locale":"fr_FR","og_type":"article","og_title":"Renexia Services - Renexia","og_description":"Soci\u00e9t\u00e9 \u00e0 responsabilit\u00e9 limit\u00e9e, n\u00e9e en 2015, avec l\u2019objectif de r\u00e9aliser des installations de production d\u2019\u00e9lectricit\u00e9 \u00e0 partir de sources renouvelables.","og_url":"https:\/\/renexia.it\/fr\/renexia-services\/","og_site_name":"Renexia","article_modified_time":"2022-11-18T15:53:14+00:00","twitter_card":"summary_large_image","twitter_misc":{"Dur\u00e9e de lecture estim\u00e9e":"2 minutes"},"schema":{"@context":"https:\/\/schema.org","@graph":[{"@type":"WebPage","@id":"https:\/\/renexia.it\/fr\/renexia-services\/","url":"https:\/\/renexia.it\/fr\/renexia-services\/","name":"Renexia Services - Renexia","isPartOf":{"@id":"https:\/\/renexia.it\/#website"},"datePublished":"2022-06-28T22:15:47+00:00","dateModified":"2022-11-18T15:53:14+00:00","description":"Soci\u00e9t\u00e9 \u00e0 responsabilit\u00e9 limit\u00e9e, n\u00e9e en 2015, avec l\u2019objectif de r\u00e9aliser des installations de production d\u2019\u00e9lectricit\u00e9 \u00e0 partir de sources renouvelables.","breadcrumb":{"@id":"https:\/\/renexia.it\/fr\/renexia-services\/#breadcrumb"},"inLanguage":"fr-FR","potentialAction":[{"@type":"ReadAction","target":["https:\/\/renexia.it\/fr\/renexia-services\/"]}]},{"@type":"BreadcrumbList","@id":"https:\/\/renexia.it\/fr\/renexia-services\/#breadcrumb","itemListElement":[{"@type":"ListItem","position":1,"name":"Home","item":"https:\/\/renexia.it\/fr\/"},{"@type":"ListItem","position":2,"name":"Renexia Services"}]},{"@type":"WebSite","@id":"https:\/\/renexia.it\/#website","url":"https:\/\/renexia.it\/","name":"Renexia","description":"\u00abFirst-mover\u00bb delle rinnovabili","publisher":{"@id":"https:\/\/renexia.it\/#organization"},"potentialAction":[{"@type":"SearchAction","target":{"@type":"EntryPoint","urlTemplate":"https:\/\/renexia.it\/?s={search_term_string}"},"query-input":{"@type":"PropertyValueSpecification","valueRequired":true,"valueName":"search_term_string"}}],"inLanguage":"fr-FR"},{"@type":"Organization","@id":"https:\/\/renexia.it\/#organization","name":"RENEXIA","url":"https:\/\/renexia.it\/","logo":{"@type":"ImageObject","inLanguage":"fr-FR","@id":"https:\/\/renexia.it\/#\/schema\/logo\/image\/","url":"https:\/\/renexia.it\/wp-content\/uploads\/2022\/06\/logo-renexia.png","contentUrl":"https:\/\/renexia.it\/wp-content\/uploads\/2022\/06\/logo-renexia.png","width":300,"height":85,"caption":"RENEXIA"},"image":{"@id":"https:\/\/renexia.it\/#\/schema\/logo\/image\/"}}]}},"acf":[],"_links":{"self":[{"href":"https:\/\/renexia.it\/fr\/wp-json\/wp\/v2\/pages\/118422","targetHints":{"allow":["GET"]}}],"collection":[{"href":"https:\/\/renexia.it\/fr\/wp-json\/wp\/v2\/pages"}],"about":[{"href":"https:\/\/renexia.it\/fr\/wp-json\/wp\/v2\/types\/page"}],"author":[{"embeddable":true,"href":"https:\/\/renexia.it\/fr\/wp-json\/wp\/v2\/users\/1"}],"replies":[{"embeddable":true,"href":"https:\/\/renexia.it\/fr\/wp-json\/wp\/v2\/comments?post=118422"}],"version-history":[{"count":7,"href":"https:\/\/renexia.it\/fr\/wp-json\/wp\/v2\/pages\/118422\/revisions"}],"predecessor-version":[{"id":119220,"href":"https:\/\/renexia.it\/fr\/wp-json\/wp\/v2\/pages\/118422\/revisions\/119220"}],"wp:attachment":[{"href":"https:\/\/renexia.it\/fr\/wp-json\/wp\/v2\/media?parent=118422"}],"curies":[{"name":"wp","href":"https:\/\/api.w.org\/{rel}","templated":true}]}}