{"id":118398,"date":"2022-06-28T21:50:49","date_gmt":"2022-06-28T19:50:49","guid":{"rendered":"https:\/\/renexia.it\/modello-231\/"},"modified":"2025-12-22T13:30:50","modified_gmt":"2025-12-22T12:30:50","slug":"modele-231","status":"publish","type":"page","link":"https:\/\/renexia.it\/fr\/modele-231\/","title":{"rendered":"Mod\u00e8le 231"},"content":{"rendered":"<div class=\"wpb-content-wrapper\"><p>[vc_row unlock_row_content=\u00a0\u00bbyes\u00a0\u00bb row_height_percent=\u00a0\u00bb0&Prime; override_padding=\u00a0\u00bbyes\u00a0\u00bb h_padding=\u00a0\u00bb2&Prime; top_padding=\u00a0\u00bb2&Prime; bottom_padding=\u00a0\u00bb0&Prime; overlay_alpha=\u00a0\u00bb50&Prime; gutter_size=\u00a0\u00bb3&Prime; column_width_percent=\u00a0\u00bb100&Prime; shift_y=\u00a0\u00bb0&Prime; z_index=\u00a0\u00bb0&Prime; mobile_visibility=\u00a0\u00bbyes\u00a0\u00bb uncode_shortcode_id=\u00a0\u00bb960566&Prime;][vc_column column_width_percent=\u00a0\u00bb100&Prime; position_horizontal=\u00a0\u00bbleft\u00a0\u00bb gutter_size=\u00a0\u00bb2&Prime; font_family=\u00a0\u00bbfont-136032&Prime; overlay_alpha=\u00a0\u00bb50&Prime; shift_x=\u00a0\u00bb0&Prime; shift_y=\u00a0\u00bb0&Prime; shift_y_down=\u00a0\u00bb0&Prime; z_index=\u00a0\u00bb0&Prime; medium_width=\u00a0\u00bb0&Prime; mobile_width=\u00a0\u00bb0&Prime; width=\u00a0\u00bb1\/1&Prime; uncode_shortcode_id=\u00a0\u00bb174762&Prime;][uncode_breadcrumbs text_lead=\u00a0\u00bbsmall\u00a0\u00bb medium_visibility=\u00a0\u00bbyes\u00a0\u00bb mobile_visibility=\u00a0\u00bbyes\u00a0\u00bb][\/vc_column][\/vc_row][vc_row row_height_percent=\u00a0\u00bb0&Prime; override_padding=\u00a0\u00bbyes\u00a0\u00bb h_padding=\u00a0\u00bb2&Prime; top_padding=\u00a0\u00bb4&Prime; bottom_padding=\u00a0\u00bb4&Prime; overlay_color=\u00a0\u00bbcolor-xsdn\u00a0\u00bb overlay_alpha=\u00a0\u00bb70&Prime; gutter_size=\u00a0\u00bb100&Prime; column_width_percent=\u00a0\u00bb100&Prime; shift_y=\u00a0\u00bb0&Prime; z_index=\u00a0\u00bb0&Prime; style=\u00a0\u00bbinherited\u00a0\u00bb row_name=\u00a0\u00bbWelcome\u00a0\u00bb][vc_column column_width_percent=\u00a0\u00bb100&Prime; gutter_size=\u00a0\u00bb1&Prime; overlay_alpha=\u00a0\u00bb50&Prime; shift_x=\u00a0\u00bb0&Prime; shift_y=\u00a0\u00bb0&Prime; z_index=\u00a0\u00bb0&Prime; medium_width=\u00a0\u00bb0&Prime; width=\u00a0\u00bb4\/12&Prime;][vc_custom_heading auto_text=\u00a0\u00bbyes\u00a0\u00bb text_font=\u00a0\u00bbfont-136032&Prime; text_weight=\u00a0\u00bb900&Prime; text_transform=\u00a0\u00bbuppercase\u00a0\u00bb text_align=\u00a0\u00bbtext-left\u00a0\u00bb text_uppercase=\u00a0\u00bb\u00a0\u00bb uncode_shortcode_id=\u00a0\u00bb223151&Prime;]Politiques De L&rsquo;entreprise[\/vc_custom_heading][\/vc_column][vc_column column_width_percent=\u00a0\u00bb100&Prime; gutter_size=\u00a0\u00bb3&Prime; font_family=\u00a0\u00bbfont-136032&Prime; overlay_alpha=\u00a0\u00bb50&Prime; shift_x=\u00a0\u00bb0&Prime; shift_y=\u00a0\u00bb0&Prime; shift_y_down=\u00a0\u00bb0&Prime; z_index=\u00a0\u00bb0&Prime; medium_width=\u00a0\u00bb0&Prime; mobile_width=\u00a0\u00bb0&Prime; zoom_width=\u00a0\u00bb0&Prime; zoom_height=\u00a0\u00bb0&Prime; width=\u00a0\u00bb8\/12&Prime; uncode_shortcode_id=\u00a0\u00bb840305&Prime;][vc_column_text uncode_shortcode_id=\u00a0\u00bb137477&Prime;]<\/p>\n<h3><span style=\"color: #99cc33;\"><strong>MOD\u00c8LE D\u2019ORGANISATION, DE GESTION, DE CONTR\u00d4LE ET DE LUTTE CONTRE LA CORRUPTION<\/strong><\/span><\/h3>\n<p>aux termes du d\u00e9cret l\u00e9gislatif 231\/2001 et de la loi 190\/2012 (et leurs modifications et corrections successives)<br \/>\nRenexia S.p.A. exerce la gestion et le contr\u00f4le de la soci\u00e9t\u00e9 d\u2019une mani\u00e8re saine et transparente conform\u00e9ment aux dispositions du droit national et international, et notamment en conformit\u00e9 avec:<\/p>\n<ul>\n<li>les exigences du d\u00e9cret l\u00e9gislatif 231\/2001 portant \u00ab <em>R\u00e9glementation de la responsabilit\u00e9 administrative des personnes juridiques<\/em> \u00bb ;<\/li>\n<li>les principes de la loi 190\/2012 contenant les \u00ab <em>Dispositions pour la pr\u00e9vention et la r\u00e9pression de la corruption et de l\u2019ill\u00e9galit\u00e9 dans l\u2019administration publique<\/em> \u00bb.<\/li>\n<\/ul>\n<p>Le d\u00e9cret 231 pr\u00e9voit la responsabilit\u00e9 \u00ab administrative \u00bb (relevant de fait du p\u00e9nal) des personnes juridiques, d\u00e9rivant du fait d\u2019avoir commis ou d\u2019avoir tent\u00e9 de commettre certaines infractions dans l\u2019int\u00e9r\u00eat ou au profit des soci\u00e9t\u00e9s en question. Cette responsabilit\u00e9 s\u2019ajoute \u00e0 la responsabilit\u00e9 p\u00e9nale de la personne physique qui a commis l\u2019infraction.<\/p>\n<p>Inversement, la Loi 190 pr\u00e9voit d\u2019adopter des mesures, des instruments et des mod\u00e8les pour que la soci\u00e9t\u00e9 respecte les normes \u00e9thiques et agisse dans le plein respect des r\u00e9glementations internationales en mati\u00e8re de pr\u00e9vention de la corruption sous toutes ses formes, directe et indirecte, ainsi que dans le respect de l\u2019int\u00e9grit\u00e9, la transparence et l\u2019\u00e9quit\u00e9 dans l\u2019exercice de ses activit\u00e9s professionnelles.<\/p>\n<p>Les deux normes convergent sur des domaines sensibles en mati\u00e8re de contr\u00f4les \u00e0 appliquer aux d\u00e9lits de corruption, d\u2019o\u00f9 la n\u00e9cessit\u00e9 de consolider, en un mod\u00e8le unique, les th\u00e8mes 231 et les profils anti-corruption : un instrument univoque par lequel la Soci\u00e9t\u00e9 confirme son alignement sur ces principes.<\/p>\n<p>Par ailleurs, la soci\u00e9t\u00e9, parall\u00e8lement au Syst\u00e8me de Gouvernance et de Contr\u00f4le Interne, et aux fins de sa r\u00e9glementation, adopte son propre Code \u00c9thique (align\u00e9 sur le code de la soci\u00e9t\u00e9 m\u00e8re Toto Holding S.p.A.), qui s\u2019int\u00e8gre au pr\u00e9sent mod\u00e8le et dont l\u2019ensemble garantit l\u2019efficacit\u00e9 et la transparence dans la gestion des processus ainsi que l\u2019efficacit\u00e9 dans les activit\u00e9s de contr\u00f4le. Le Code adopt\u00e9 par Renexia S.p.A. consacre des valeurs \u00e9thiques fondamentales auxquelles s\u2019inspire la soci\u00e9t\u00e9 dans la poursuite de ses objectifs, et dont il exige le respect par les organes de la soci\u00e9t\u00e9, les employ\u00e9s et les tiers \u00e9galement dans le cadre de la pr\u00e9vention de la corruption.[\/vc_column_text][uncode_list larger=\u00a0\u00bbsmall\u00a0\u00bb icon=\u00a0\u00bbfa fa-file-pdf-o\u00a0\u00bb uncode_shortcode_id=\u00a0\u00bb138960&Prime; icon_color_type=\u00a0\u00bbuncode-solid\u00a0\u00bb icon_color_solid=\u00a0\u00bb#ff0000&Prime;]<\/p>\n<ul>\n<li><a href=\"https:\/\/renexia.it\/wp-content\/uploads\/2024\/05\/01_Parte-Generale_Renexia-2024-MODELLO-DI-ORGANIZZAZIONE-GESTIONE-CONTROLLO-E-ANTICORRUZIONE.pdf\" target=\"_blank\" rel=\"noopener\">Mod\u00e8le d\u2019organisation<\/a><\/li>\n<li><a href=\"https:\/\/renexia.it\/wp-content\/uploads\/2025\/12\/Renexia_MSAC-Manuale-del-Sistema-di-Gestione-Anticorruzione_2025_R1_s.pdf\" target=\"_blank\" rel=\"noopener\">Syst\u00e8mes de management anti-corruption (ITA)<\/a><\/li>\n<li><a href=\"https:\/\/renexia.it\/wp-content\/uploads\/2025\/12\/politica-per-la-prevenzione-della-corruzione_TH_2025.pdf\" target=\"_blank\" rel=\"noopener\">Politique de Pr\u00e9vention de la Corruption<\/a><\/li>\n<\/ul>\n<p>[\/uncode_list][vc_column_text uncode_shortcode_id=\u00a0\u00bb173164&Prime; css=\u00a0\u00bb.vc_custom_1674170932109{padding-top: 50px !important;}\u00a0\u00bb]<strong>Beleolico<\/strong>[\/vc_column_text][uncode_list larger=\u00a0\u00bbsmall\u00a0\u00bb icon=\u00a0\u00bbfa fa-file-pdf-o\u00a0\u00bb uncode_shortcode_id=\u00a0\u00bb184946&Prime; icon_color_type=\u00a0\u00bbuncode-solid\u00a0\u00bb icon_color_solid=\u00a0\u00bb#ff0000&Prime;]<\/p>\n<ul>\n<li><a href=\"https:\/\/renexia.it\/wp-content\/uploads\/2023\/01\/Beleolio-01_Parte-Generale_Beleolico_2022.pdf\" target=\"_blank\" rel=\"noopener\">Mod\u00e8le d\u2019organisation<\/a><\/li>\n<\/ul>\n<p>[\/uncode_list][vc_column_text uncode_shortcode_id=\u00a0\u00bb493972&Prime; css=\u00a0\u00bb.vc_custom_1674742396437{padding-top: 50px !important;}\u00a0\u00bb]<strong>Parc \u00e9olien Casalduni<\/strong>[\/vc_column_text][uncode_list larger=\u00a0\u00bbsmall\u00a0\u00bb icon=\u00a0\u00bbfa fa-file-pdf-o\u00a0\u00bb uncode_shortcode_id=\u00a0\u00bb198440&Prime; icon_color_type=\u00a0\u00bbuncode-solid\u00a0\u00bb icon_color_solid=\u00a0\u00bb#ff0000&Prime;]<\/p>\n<ul>\n<li><a href=\"https:\/\/renexia.it\/wp-content\/uploads\/2023\/01\/Casalduni-01_Parte-Generale_PECH_2022.pdf\" target=\"_blank\" rel=\"noopener\">Mod\u00e8le d\u2019organisation<\/a><\/li>\n<\/ul>\n<p>[\/uncode_list][\/vc_column][\/vc_row]<\/p>\n<\/div>","protected":false},"excerpt":{"rendered":"<p>[vc_row unlock_row_content=\u00a0\u00bbyes\u00a0\u00bb row_height_percent=\u00a0\u00bb0&Prime; override_padding=\u00a0\u00bbyes\u00a0\u00bb h_padding=\u00a0\u00bb2&Prime; top_padding=\u00a0\u00bb2&Prime; bottom_padding=\u00a0\u00bb0&Prime; overlay_alpha=\u00a0\u00bb50&Prime; gutter_size=\u00a0\u00bb3&Prime; column_width_percent=\u00a0\u00bb100&Prime; shift_y=\u00a0\u00bb0&Prime; z_index=\u00a0\u00bb0&Prime; mobile_visibility=\u00a0\u00bbyes\u00a0\u00bb uncode_shortcode_id=\u00a0\u00bb960566&Prime;][vc_column column_width_percent=\u00a0\u00bb100&Prime; position_horizontal=\u00a0\u00bbleft\u00a0\u00bb gutter_size=\u00a0\u00bb2&Prime; font_family=\u00a0\u00bbfont-136032&Prime; overlay_alpha=\u00a0\u00bb50&Prime; shift_x=\u00a0\u00bb0&Prime; [&hellip;]<\/p>\n","protected":false},"author":1,"featured_media":0,"parent":0,"menu_order":0,"comment_status":"closed","ping_status":"closed","template":"","meta":{"_acf_changed":false,"footnotes":""},"class_list":["post-118398","page","type-page","status-publish","hentry"],"yoast_head":"<!-- This site is optimized with the Yoast SEO plugin v27.2 - https:\/\/yoast.com\/product\/yoast-seo-wordpress\/ -->\n<title>Mod\u00e8le 231 - Renexia<\/title>\n<meta name=\"robots\" content=\"index, follow, max-snippet:-1, max-image-preview:large, max-video-preview:-1\" \/>\n<link rel=\"canonical\" href=\"https:\/\/renexia.it\/fr\/modele-231\/\" \/>\n<meta property=\"og:locale\" content=\"fr_FR\" \/>\n<meta property=\"og:type\" content=\"article\" \/>\n<meta property=\"og:title\" content=\"Mod\u00e8le 231 - Renexia\" \/>\n<meta property=\"og:description\" content=\"[vc_row unlock_row_content=\u00a0\u00bbyes\u00a0\u00bb row_height_percent=\u00a0\u00bb0&Prime; override_padding=\u00a0\u00bbyes\u00a0\u00bb h_padding=\u00a0\u00bb2&Prime; top_padding=\u00a0\u00bb2&Prime; bottom_padding=\u00a0\u00bb0&Prime; overlay_alpha=\u00a0\u00bb50&Prime; gutter_size=\u00a0\u00bb3&Prime; column_width_percent=\u00a0\u00bb100&Prime; shift_y=\u00a0\u00bb0&Prime; z_index=\u00a0\u00bb0&Prime; mobile_visibility=\u00a0\u00bbyes\u00a0\u00bb uncode_shortcode_id=\u00a0\u00bb960566&Prime;][vc_column column_width_percent=\u00a0\u00bb100&Prime; position_horizontal=\u00a0\u00bbleft\u00a0\u00bb gutter_size=\u00a0\u00bb2&Prime; font_family=\u00a0\u00bbfont-136032&Prime; overlay_alpha=\u00a0\u00bb50&Prime; shift_x=\u00a0\u00bb0&Prime; [&hellip;]\" \/>\n<meta property=\"og:url\" content=\"https:\/\/renexia.it\/fr\/modele-231\/\" \/>\n<meta property=\"og:site_name\" content=\"Renexia\" \/>\n<meta property=\"article:modified_time\" content=\"2025-12-22T12:30:50+00:00\" \/>\n<meta name=\"twitter:card\" content=\"summary_large_image\" \/>\n<meta name=\"twitter:label1\" content=\"Dur\u00e9e de lecture estim\u00e9e\" \/>\n\t<meta name=\"twitter:data1\" content=\"3 minutes\" \/>\n<script type=\"application\/ld+json\" class=\"yoast-schema-graph\">{\"@context\":\"https:\/\/schema.org\",\"@graph\":[{\"@type\":\"WebPage\",\"@id\":\"https:\/\/renexia.it\/fr\/modele-231\/\",\"url\":\"https:\/\/renexia.it\/fr\/modele-231\/\",\"name\":\"Mod\u00e8le 231 - Renexia\",\"isPartOf\":{\"@id\":\"https:\/\/renexia.it\/#website\"},\"datePublished\":\"2022-06-28T19:50:49+00:00\",\"dateModified\":\"2025-12-22T12:30:50+00:00\",\"breadcrumb\":{\"@id\":\"https:\/\/renexia.it\/fr\/modele-231\/#breadcrumb\"},\"inLanguage\":\"fr-FR\",\"potentialAction\":[{\"@type\":\"ReadAction\",\"target\":[\"https:\/\/renexia.it\/fr\/modele-231\/\"]}]},{\"@type\":\"BreadcrumbList\",\"@id\":\"https:\/\/renexia.it\/fr\/modele-231\/#breadcrumb\",\"itemListElement\":[{\"@type\":\"ListItem\",\"position\":1,\"name\":\"Home\",\"item\":\"https:\/\/renexia.it\/fr\/\"},{\"@type\":\"ListItem\",\"position\":2,\"name\":\"Mod\u00e8le 231\"}]},{\"@type\":\"WebSite\",\"@id\":\"https:\/\/renexia.it\/#website\",\"url\":\"https:\/\/renexia.it\/\",\"name\":\"Renexia\",\"description\":\"\u00abFirst-mover\u00bb delle rinnovabili\",\"publisher\":{\"@id\":\"https:\/\/renexia.it\/#organization\"},\"potentialAction\":[{\"@type\":\"SearchAction\",\"target\":{\"@type\":\"EntryPoint\",\"urlTemplate\":\"https:\/\/renexia.it\/?s={search_term_string}\"},\"query-input\":{\"@type\":\"PropertyValueSpecification\",\"valueRequired\":true,\"valueName\":\"search_term_string\"}}],\"inLanguage\":\"fr-FR\"},{\"@type\":\"Organization\",\"@id\":\"https:\/\/renexia.it\/#organization\",\"name\":\"RENEXIA\",\"url\":\"https:\/\/renexia.it\/\",\"logo\":{\"@type\":\"ImageObject\",\"inLanguage\":\"fr-FR\",\"@id\":\"https:\/\/renexia.it\/#\/schema\/logo\/image\/\",\"url\":\"https:\/\/renexia.it\/wp-content\/uploads\/2022\/06\/logo-renexia.png\",\"contentUrl\":\"https:\/\/renexia.it\/wp-content\/uploads\/2022\/06\/logo-renexia.png\",\"width\":300,\"height\":85,\"caption\":\"RENEXIA\"},\"image\":{\"@id\":\"https:\/\/renexia.it\/#\/schema\/logo\/image\/\"}}]}<\/script>\n<!-- \/ Yoast SEO plugin. -->","yoast_head_json":{"title":"Mod\u00e8le 231 - Renexia","robots":{"index":"index","follow":"follow","max-snippet":"max-snippet:-1","max-image-preview":"max-image-preview:large","max-video-preview":"max-video-preview:-1"},"canonical":"https:\/\/renexia.it\/fr\/modele-231\/","og_locale":"fr_FR","og_type":"article","og_title":"Mod\u00e8le 231 - Renexia","og_description":"[vc_row unlock_row_content=\u00a0\u00bbyes\u00a0\u00bb row_height_percent=\u00a0\u00bb0&Prime; override_padding=\u00a0\u00bbyes\u00a0\u00bb h_padding=\u00a0\u00bb2&Prime; top_padding=\u00a0\u00bb2&Prime; bottom_padding=\u00a0\u00bb0&Prime; overlay_alpha=\u00a0\u00bb50&Prime; gutter_size=\u00a0\u00bb3&Prime; column_width_percent=\u00a0\u00bb100&Prime; shift_y=\u00a0\u00bb0&Prime; z_index=\u00a0\u00bb0&Prime; mobile_visibility=\u00a0\u00bbyes\u00a0\u00bb uncode_shortcode_id=\u00a0\u00bb960566&Prime;][vc_column column_width_percent=\u00a0\u00bb100&Prime; position_horizontal=\u00a0\u00bbleft\u00a0\u00bb gutter_size=\u00a0\u00bb2&Prime; font_family=\u00a0\u00bbfont-136032&Prime; overlay_alpha=\u00a0\u00bb50&Prime; shift_x=\u00a0\u00bb0&Prime; [&hellip;]","og_url":"https:\/\/renexia.it\/fr\/modele-231\/","og_site_name":"Renexia","article_modified_time":"2025-12-22T12:30:50+00:00","twitter_card":"summary_large_image","twitter_misc":{"Dur\u00e9e de lecture estim\u00e9e":"3 minutes"},"schema":{"@context":"https:\/\/schema.org","@graph":[{"@type":"WebPage","@id":"https:\/\/renexia.it\/fr\/modele-231\/","url":"https:\/\/renexia.it\/fr\/modele-231\/","name":"Mod\u00e8le 231 - Renexia","isPartOf":{"@id":"https:\/\/renexia.it\/#website"},"datePublished":"2022-06-28T19:50:49+00:00","dateModified":"2025-12-22T12:30:50+00:00","breadcrumb":{"@id":"https:\/\/renexia.it\/fr\/modele-231\/#breadcrumb"},"inLanguage":"fr-FR","potentialAction":[{"@type":"ReadAction","target":["https:\/\/renexia.it\/fr\/modele-231\/"]}]},{"@type":"BreadcrumbList","@id":"https:\/\/renexia.it\/fr\/modele-231\/#breadcrumb","itemListElement":[{"@type":"ListItem","position":1,"name":"Home","item":"https:\/\/renexia.it\/fr\/"},{"@type":"ListItem","position":2,"name":"Mod\u00e8le 231"}]},{"@type":"WebSite","@id":"https:\/\/renexia.it\/#website","url":"https:\/\/renexia.it\/","name":"Renexia","description":"\u00abFirst-mover\u00bb delle rinnovabili","publisher":{"@id":"https:\/\/renexia.it\/#organization"},"potentialAction":[{"@type":"SearchAction","target":{"@type":"EntryPoint","urlTemplate":"https:\/\/renexia.it\/?s={search_term_string}"},"query-input":{"@type":"PropertyValueSpecification","valueRequired":true,"valueName":"search_term_string"}}],"inLanguage":"fr-FR"},{"@type":"Organization","@id":"https:\/\/renexia.it\/#organization","name":"RENEXIA","url":"https:\/\/renexia.it\/","logo":{"@type":"ImageObject","inLanguage":"fr-FR","@id":"https:\/\/renexia.it\/#\/schema\/logo\/image\/","url":"https:\/\/renexia.it\/wp-content\/uploads\/2022\/06\/logo-renexia.png","contentUrl":"https:\/\/renexia.it\/wp-content\/uploads\/2022\/06\/logo-renexia.png","width":300,"height":85,"caption":"RENEXIA"},"image":{"@id":"https:\/\/renexia.it\/#\/schema\/logo\/image\/"}}]}},"acf":[],"_links":{"self":[{"href":"https:\/\/renexia.it\/fr\/wp-json\/wp\/v2\/pages\/118398","targetHints":{"allow":["GET"]}}],"collection":[{"href":"https:\/\/renexia.it\/fr\/wp-json\/wp\/v2\/pages"}],"about":[{"href":"https:\/\/renexia.it\/fr\/wp-json\/wp\/v2\/types\/page"}],"author":[{"embeddable":true,"href":"https:\/\/renexia.it\/fr\/wp-json\/wp\/v2\/users\/1"}],"replies":[{"embeddable":true,"href":"https:\/\/renexia.it\/fr\/wp-json\/wp\/v2\/comments?post=118398"}],"version-history":[{"count":20,"href":"https:\/\/renexia.it\/fr\/wp-json\/wp\/v2\/pages\/118398\/revisions"}],"predecessor-version":[{"id":159407,"href":"https:\/\/renexia.it\/fr\/wp-json\/wp\/v2\/pages\/118398\/revisions\/159407"}],"wp:attachment":[{"href":"https:\/\/renexia.it\/fr\/wp-json\/wp\/v2\/media?parent=118398"}],"curies":[{"name":"wp","href":"https:\/\/api.w.org\/{rel}","templated":true}]}}