{"id":112020,"date":"2022-07-04T08:53:58","date_gmt":"2022-07-04T06:53:58","guid":{"rendered":"https:\/\/renexia.it\/interporto-dabruzzo\/"},"modified":"2023-09-27T18:22:27","modified_gmt":"2023-09-27T16:22:27","slug":"interporto-dabruzzo","status":"publish","type":"page","link":"https:\/\/renexia.it\/fr\/fotovoltaico\/interporto-dabruzzo\/","title":{"rendered":"Interporto D\u2019Abruzzo"},"content":{"rendered":"<div class=\"wpb-content-wrapper\"><p>[vc_row unlock_row_content=\u00a0\u00bbyes\u00a0\u00bb row_height_percent=\u00a0\u00bb0&Prime; overlay_alpha=\u00a0\u00bb50&Prime; gutter_size=\u00a0\u00bb3&Prime; column_width_percent=\u00a0\u00bb100&Prime; shift_y=\u00a0\u00bb0&Prime; z_index=\u00a0\u00bb0&Prime; uncode_shortcode_id=\u00a0\u00bb126724&Prime;][vc_column column_width_percent=\u00a0\u00bb100&Prime; gutter_size=\u00a0\u00bb3&Prime; overlay_alpha=\u00a0\u00bb50&Prime; shift_x=\u00a0\u00bb0&Prime; shift_y=\u00a0\u00bb0&Prime; shift_y_down=\u00a0\u00bb0&Prime; z_index=\u00a0\u00bb0&Prime; medium_width=\u00a0\u00bb0&Prime; mobile_width=\u00a0\u00bb0&Prime; width=\u00a0\u00bb1\/1&Prime; uncode_shortcode_id=\u00a0\u00bb125920&Prime;][uncode_breadcrumbs text_lead=\u00a0\u00bbsmall\u00a0\u00bb el_class=\u00a0\u00bbbreadWidesite\u00a0\u00bb][\/vc_column][\/vc_row][vc_row][vc_column column_width_percent=\u00a0\u00bb100&Prime; align_horizontal=\u00a0\u00bbalign_center\u00a0\u00bb gutter_size=\u00a0\u00bb3&Prime; font_family=\u00a0\u00bbfont-136032&Prime; overlay_alpha=\u00a0\u00bb50&Prime; shift_x=\u00a0\u00bb0&Prime; shift_y=\u00a0\u00bb0&Prime; shift_y_down=\u00a0\u00bb0&Prime; z_index=\u00a0\u00bb0&Prime; medium_width=\u00a0\u00bb0&Prime; mobile_width=\u00a0\u00bb0&Prime; width=\u00a0\u00bb1\/1&Prime; uncode_shortcode_id=\u00a0\u00bb641637&Prime;][vc_custom_heading text_font=\u00a0\u00bbfont-136032&Prime; text_size=\u00a0\u00bbfontsize-139820&Prime; text_transform=\u00a0\u00bbcapitalize\u00a0\u00bb css_animation=\u00a0\u00bbleft-t-right\u00a0\u00bb uncode_shortcode_id=\u00a0\u00bb198714&Prime; text_color_type=\u00a0\u00bbuncode-solid\u00a0\u00bb text_color_solid=\u00a0\u00bb#808080&Prime;]Interporto D\u2019Abruzzo[\/vc_custom_heading][\/vc_column][\/vc_row][vc_row row_height_percent=\u00a0\u00bb0&Prime; override_padding=\u00a0\u00bbyes\u00a0\u00bb h_padding=\u00a0\u00bb2&Prime; top_padding=\u00a0\u00bb4&Prime; bottom_padding=\u00a0\u00bb4&Prime; overlay_alpha=\u00a0\u00bb50&Prime; gutter_size=\u00a0\u00bb3&Prime; column_width_percent=\u00a0\u00bb100&Prime; shift_y=\u00a0\u00bb0&Prime; z_index=\u00a0\u00bb0&Prime; uncode_shortcode_id=\u00a0\u00bb163908&Prime;][vc_column column_width_percent=\u00a0\u00bb100&Prime; gutter_size=\u00a0\u00bb3&Prime; override_padding=\u00a0\u00bbyes\u00a0\u00bb column_padding=\u00a0\u00bb3&Prime; back_color=\u00a0\u00bbcolor-xsdn\u00a0\u00bb overlay_alpha=\u00a0\u00bb50&Prime; shift_x=\u00a0\u00bb0&Prime; shift_y=\u00a0\u00bb-4&Prime; shift_y_fixed=\u00a0\u00bbyes\u00a0\u00bb shift_y_down=\u00a0\u00bb0&Prime; z_index=\u00a0\u00bb0&Prime; medium_width=\u00a0\u00bb0&Prime; mobile_width=\u00a0\u00bb0&Prime; width=\u00a0\u00bb1\/1&Prime;][vc_gallery el_id=\u00a0\u00bbgallery-12&Prime; type=\u00a0\u00bbcarousel\u00a0\u00bb medias=\u00a0\u00bb111988,111991,111994,111997,112000&Prime; carousel_lg=\u00a0\u00bb1&Prime; carousel_md=\u00a0\u00bb1&Prime; carousel_sm=\u00a0\u00bb1&Prime; thumb_size=\u00a0\u00bbsixteen-nine\u00a0\u00bb gutter_size=\u00a0\u00bb0&Prime; media_items=\u00a0\u00bbmedia|nolink|original\u00a0\u00bb carousel_type=\u00a0\u00bbfade\u00a0\u00bb carousel_interval=\u00a0\u00bb0&Prime; carousel_navspeed=\u00a0\u00bb400&Prime; carousel_loop=\u00a0\u00bbyes\u00a0\u00bb carousel_nav=\u00a0\u00bbyes\u00a0\u00bb carousel_dots=\u00a0\u00bbyes\u00a0\u00bb carousel_dots_mobile=\u00a0\u00bbyes\u00a0\u00bb stage_padding=\u00a0\u00bb0&Prime; single_overlay_opacity=\u00a0\u00bb50&Prime; single_overlay_anim=\u00a0\u00bbno\u00a0\u00bb single_text_anim=\u00a0\u00bbno\u00a0\u00bb single_image_anim=\u00a0\u00bbno\u00a0\u00bb single_h_align=\u00a0\u00bbcenter\u00a0\u00bb single_padding=\u00a0\u00bb2&Prime; single_icon=\u00a0\u00bbfa fa-search3&Prime; single_border=\u00a0\u00bbyes\u00a0\u00bb lbox_caption=\u00a0\u00bbyes\u00a0\u00bb no_double_tap=\u00a0\u00bbyes\u00a0\u00bb carousel_rtl=\u00a0\u00bb\u00a0\u00bb single_title_uppercase=\u00a0\u00bb\u00a0\u00bb single_title_bold=\u00a0\u00bb\u00a0\u00bb single_title_serif=\u00a0\u00bb\u00a0\u00bb onclick=\u00a0\u00bblink_image\u00a0\u00bb custom_links_target=\u00a0\u00bb_self\u00a0\u00bb items=\u00a0\u00bbeyI4ODY4X2kiOnsic2luZ2xlX3dpZHRoIjoiNCIsInNpbmdsZV9oZWlnaHQiOiI0In0sIjg4NjJfaSI6eyJzaW5nbGVfd2lkdGgiOiI0Iiwic2luZ2xlX2hlaWdodCI6IjQifSwiODg2MF9pIjp7InNpbmdsZV93aWR0aCI6IjQiLCJzaW5nbGVfaGVpZ2h0IjoiNCJ9LCIyNjIxOF9pIjp7InNpbmdsZV93aWR0aCI6IjQiLCJzaW5nbGVfaGVpZ2h0IjoiNCJ9LCIyNjIyNF9pIjp7InNpbmdsZV93aWR0aCI6IjQiLCJzaW5nbGVfaGVpZ2h0IjoiNCJ9LCIyNjIyMl9pIjp7InNpbmdsZV93aWR0aCI6IjQiLCJzaW5nbGVfaGVpZ2h0IjoiNCJ9LCIyNjIyOV9pIjp7InNpbmdsZV93aWR0aCI6IjQiLCJzaW5nbGVfaGVpZ2h0IjoiNCJ9fQ==\u00a0\u00bb single_half_padding=\u00a0\u00bb\u00a0\u00bb single_no_background=\u00a0\u00bb\u00a0\u00bb uncode_shortcode_id=\u00a0\u00bb149155&Prime;][vc_column_text uncode_shortcode_id=\u00a0\u00bb148294&Prime;]<\/p>\n<ul>\n<li><strong>Emplacement:<\/strong> localit\u00e9 Staccioli \u2013 SS5 Tiburtina Valeria Manoppello (PE)<\/li>\n<li><strong>Production totale:<\/strong> 4.400 MWh\/an<\/li>\n<\/ul>\n<p>Autoris\u00e9e en 2012, avec ses 3,5 MW, divis\u00e9s en deux sections, cette installation photovolta\u00efque est la plus grande sur le toit d\u2019une plateforme logistique dans les Abruzzes et l\u2019une des plus grandes en Italie. L\u2019installation repose sur la toiture de certains hangars industriels de la plateforme logistique situ\u00e9e dans la localit\u00e9 Staccioli \u2013 SS5 Tiburtina Valeria Manoppello (PE).<\/p>\n<p><strong>Description:<\/strong> La puissance install\u00e9e est de 3,5 MW et elle est divis\u00e9e en deux sections :<br \/>\nPour la section A, de 2,5 MW, la phase de construction a commenc\u00e9 en octobre 2012 et s\u2019est termin\u00e9e en d\u00e9cembre 2012. L\u2019installation produit environ <strong>3.100 MWh\/an.<\/strong><br \/>\nPour la section B, de 1,0 MW, la phase de construction s\u2019est d\u00e9roul\u00e9e en f\u00e9vrier 2013 et l\u2019installation produit environ <strong>1.250 MWh\/an.<\/strong>[\/vc_column_text][\/vc_column][\/vc_row]<\/p>\n<\/div>","protected":false},"excerpt":{"rendered":"<p>Autoris\u00e9e en 2012, avec ses 3,5 MW, divis\u00e9s en deux sections, cette installation photovolta\u00efque est la plus grande sur le toit d\u2019une plateforme logistique dans les Abruzzes et l\u2019une des plus grandes en Italie.<\/p>\n","protected":false},"author":1,"featured_media":111996,"parent":112077,"menu_order":0,"comment_status":"closed","ping_status":"closed","template":"","meta":{"_acf_changed":false,"footnotes":""},"class_list":["post-112020","page","type-page","status-publish","has-post-thumbnail","hentry","page_category-photovoltaique"],"yoast_head":"<!-- This site is optimized with the Yoast SEO plugin v27.2 - https:\/\/yoast.com\/product\/yoast-seo-wordpress\/ -->\n<title>Interporto D\u2019Abruzzo - Renexia<\/title>\n<meta name=\"description\" content=\"Autoris\u00e9e en 2012, avec ses 3,5 MW, divis\u00e9s en deux sections, cette installation photovolta\u00efque est la plus grande sur le toit d\u2019une plateforme logistique dans les Abruzzes et l\u2019une des plus grandes en Italie.\" \/>\n<meta name=\"robots\" content=\"index, follow, max-snippet:-1, max-image-preview:large, max-video-preview:-1\" \/>\n<link rel=\"canonical\" href=\"https:\/\/renexia.it\/fotovoltaico\/interporto-dabruzzo\/\" \/>\n<meta property=\"og:locale\" content=\"fr_FR\" \/>\n<meta property=\"og:type\" content=\"article\" \/>\n<meta property=\"og:title\" content=\"Interporto D\u2019Abruzzo - Renexia\" \/>\n<meta property=\"og:description\" content=\"Autoris\u00e9e en 2012, avec ses 3,5 MW, divis\u00e9s en deux sections, cette installation photovolta\u00efque est la plus grande sur le toit d\u2019une plateforme logistique dans les Abruzzes et l\u2019une des plus grandes en Italie.\" \/>\n<meta property=\"og:url\" content=\"https:\/\/renexia.it\/fotovoltaico\/interporto-dabruzzo\/\" \/>\n<meta property=\"og:site_name\" content=\"Renexia\" \/>\n<meta property=\"article:modified_time\" content=\"2023-09-27T16:22:27+00:00\" \/>\n<meta property=\"og:image\" content=\"https:\/\/renexia.it\/wp-content\/uploads\/2022\/07\/interporto-slide3.jpg\" \/>\n\t<meta property=\"og:image:width\" content=\"1000\" \/>\n\t<meta property=\"og:image:height\" content=\"450\" \/>\n\t<meta property=\"og:image:type\" content=\"image\/jpeg\" \/>\n<meta name=\"twitter:card\" content=\"summary_large_image\" \/>\n<meta name=\"twitter:label1\" content=\"Dur\u00e9e de lecture estim\u00e9e\" \/>\n\t<meta name=\"twitter:data1\" content=\"3 minutes\" \/>\n<script type=\"application\/ld+json\" class=\"yoast-schema-graph\">{\"@context\":\"https:\/\/schema.org\",\"@graph\":[{\"@type\":\"WebPage\",\"@id\":\"https:\/\/renexia.it\/fotovoltaico\/interporto-dabruzzo\/\",\"url\":\"https:\/\/renexia.it\/fotovoltaico\/interporto-dabruzzo\/\",\"name\":\"Interporto D\u2019Abruzzo - Renexia\",\"isPartOf\":{\"@id\":\"https:\/\/renexia.it\/#website\"},\"primaryImageOfPage\":{\"@id\":\"https:\/\/renexia.it\/fotovoltaico\/interporto-dabruzzo\/#primaryimage\"},\"image\":{\"@id\":\"https:\/\/renexia.it\/fotovoltaico\/interporto-dabruzzo\/#primaryimage\"},\"thumbnailUrl\":\"https:\/\/renexia.it\/wp-content\/uploads\/2022\/07\/interporto-slide3.jpg\",\"datePublished\":\"2022-07-04T06:53:58+00:00\",\"dateModified\":\"2023-09-27T16:22:27+00:00\",\"description\":\"Autoris\u00e9e en 2012, avec ses 3,5 MW, divis\u00e9s en deux sections, cette installation photovolta\u00efque est la plus grande sur le toit d\u2019une plateforme logistique dans les Abruzzes et l\u2019une des plus grandes en Italie.\",\"breadcrumb\":{\"@id\":\"https:\/\/renexia.it\/fotovoltaico\/interporto-dabruzzo\/#breadcrumb\"},\"inLanguage\":\"fr-FR\",\"potentialAction\":[{\"@type\":\"ReadAction\",\"target\":[\"https:\/\/renexia.it\/fotovoltaico\/interporto-dabruzzo\/\"]}]},{\"@type\":\"ImageObject\",\"inLanguage\":\"fr-FR\",\"@id\":\"https:\/\/renexia.it\/fotovoltaico\/interporto-dabruzzo\/#primaryimage\",\"url\":\"https:\/\/renexia.it\/wp-content\/uploads\/2022\/07\/interporto-slide3.jpg\",\"contentUrl\":\"https:\/\/renexia.it\/wp-content\/uploads\/2022\/07\/interporto-slide3.jpg\",\"width\":1000,\"height\":450},{\"@type\":\"BreadcrumbList\",\"@id\":\"https:\/\/renexia.it\/fotovoltaico\/interporto-dabruzzo\/#breadcrumb\",\"itemListElement\":[{\"@type\":\"ListItem\",\"position\":1,\"name\":\"Home\",\"item\":\"https:\/\/renexia.it\/fr\/\"},{\"@type\":\"ListItem\",\"position\":2,\"name\":\"Photovolta\u00efque\",\"item\":\"https:\/\/renexia.it\/fr\/fotovoltaico\/\"},{\"@type\":\"ListItem\",\"position\":3,\"name\":\"Interporto D\u2019Abruzzo\"}]},{\"@type\":\"WebSite\",\"@id\":\"https:\/\/renexia.it\/#website\",\"url\":\"https:\/\/renexia.it\/\",\"name\":\"Renexia\",\"description\":\"\u00abFirst-mover\u00bb delle rinnovabili\",\"publisher\":{\"@id\":\"https:\/\/renexia.it\/#organization\"},\"potentialAction\":[{\"@type\":\"SearchAction\",\"target\":{\"@type\":\"EntryPoint\",\"urlTemplate\":\"https:\/\/renexia.it\/?s={search_term_string}\"},\"query-input\":{\"@type\":\"PropertyValueSpecification\",\"valueRequired\":true,\"valueName\":\"search_term_string\"}}],\"inLanguage\":\"fr-FR\"},{\"@type\":\"Organization\",\"@id\":\"https:\/\/renexia.it\/#organization\",\"name\":\"RENEXIA\",\"url\":\"https:\/\/renexia.it\/\",\"logo\":{\"@type\":\"ImageObject\",\"inLanguage\":\"fr-FR\",\"@id\":\"https:\/\/renexia.it\/#\/schema\/logo\/image\/\",\"url\":\"https:\/\/renexia.it\/wp-content\/uploads\/2022\/06\/logo-renexia.png\",\"contentUrl\":\"https:\/\/renexia.it\/wp-content\/uploads\/2022\/06\/logo-renexia.png\",\"width\":300,\"height\":85,\"caption\":\"RENEXIA\"},\"image\":{\"@id\":\"https:\/\/renexia.it\/#\/schema\/logo\/image\/\"}}]}<\/script>\n<!-- \/ Yoast SEO plugin. -->","yoast_head_json":{"title":"Interporto D\u2019Abruzzo - Renexia","description":"Autoris\u00e9e en 2012, avec ses 3,5 MW, divis\u00e9s en deux sections, cette installation photovolta\u00efque est la plus grande sur le toit d\u2019une plateforme logistique dans les Abruzzes et l\u2019une des plus grandes en Italie.","robots":{"index":"index","follow":"follow","max-snippet":"max-snippet:-1","max-image-preview":"max-image-preview:large","max-video-preview":"max-video-preview:-1"},"canonical":"https:\/\/renexia.it\/fotovoltaico\/interporto-dabruzzo\/","og_locale":"fr_FR","og_type":"article","og_title":"Interporto D\u2019Abruzzo - Renexia","og_description":"Autoris\u00e9e en 2012, avec ses 3,5 MW, divis\u00e9s en deux sections, cette installation photovolta\u00efque est la plus grande sur le toit d\u2019une plateforme logistique dans les Abruzzes et l\u2019une des plus grandes en Italie.","og_url":"https:\/\/renexia.it\/fotovoltaico\/interporto-dabruzzo\/","og_site_name":"Renexia","article_modified_time":"2023-09-27T16:22:27+00:00","og_image":[{"width":1000,"height":450,"url":"https:\/\/renexia.it\/wp-content\/uploads\/2022\/07\/interporto-slide3.jpg","type":"image\/jpeg"}],"twitter_card":"summary_large_image","twitter_misc":{"Dur\u00e9e de lecture estim\u00e9e":"3 minutes"},"schema":{"@context":"https:\/\/schema.org","@graph":[{"@type":"WebPage","@id":"https:\/\/renexia.it\/fotovoltaico\/interporto-dabruzzo\/","url":"https:\/\/renexia.it\/fotovoltaico\/interporto-dabruzzo\/","name":"Interporto D\u2019Abruzzo - Renexia","isPartOf":{"@id":"https:\/\/renexia.it\/#website"},"primaryImageOfPage":{"@id":"https:\/\/renexia.it\/fotovoltaico\/interporto-dabruzzo\/#primaryimage"},"image":{"@id":"https:\/\/renexia.it\/fotovoltaico\/interporto-dabruzzo\/#primaryimage"},"thumbnailUrl":"https:\/\/renexia.it\/wp-content\/uploads\/2022\/07\/interporto-slide3.jpg","datePublished":"2022-07-04T06:53:58+00:00","dateModified":"2023-09-27T16:22:27+00:00","description":"Autoris\u00e9e en 2012, avec ses 3,5 MW, divis\u00e9s en deux sections, cette installation photovolta\u00efque est la plus grande sur le toit d\u2019une plateforme logistique dans les Abruzzes et l\u2019une des plus grandes en Italie.","breadcrumb":{"@id":"https:\/\/renexia.it\/fotovoltaico\/interporto-dabruzzo\/#breadcrumb"},"inLanguage":"fr-FR","potentialAction":[{"@type":"ReadAction","target":["https:\/\/renexia.it\/fotovoltaico\/interporto-dabruzzo\/"]}]},{"@type":"ImageObject","inLanguage":"fr-FR","@id":"https:\/\/renexia.it\/fotovoltaico\/interporto-dabruzzo\/#primaryimage","url":"https:\/\/renexia.it\/wp-content\/uploads\/2022\/07\/interporto-slide3.jpg","contentUrl":"https:\/\/renexia.it\/wp-content\/uploads\/2022\/07\/interporto-slide3.jpg","width":1000,"height":450},{"@type":"BreadcrumbList","@id":"https:\/\/renexia.it\/fotovoltaico\/interporto-dabruzzo\/#breadcrumb","itemListElement":[{"@type":"ListItem","position":1,"name":"Home","item":"https:\/\/renexia.it\/fr\/"},{"@type":"ListItem","position":2,"name":"Photovolta\u00efque","item":"https:\/\/renexia.it\/fr\/fotovoltaico\/"},{"@type":"ListItem","position":3,"name":"Interporto D\u2019Abruzzo"}]},{"@type":"WebSite","@id":"https:\/\/renexia.it\/#website","url":"https:\/\/renexia.it\/","name":"Renexia","description":"\u00abFirst-mover\u00bb delle rinnovabili","publisher":{"@id":"https:\/\/renexia.it\/#organization"},"potentialAction":[{"@type":"SearchAction","target":{"@type":"EntryPoint","urlTemplate":"https:\/\/renexia.it\/?s={search_term_string}"},"query-input":{"@type":"PropertyValueSpecification","valueRequired":true,"valueName":"search_term_string"}}],"inLanguage":"fr-FR"},{"@type":"Organization","@id":"https:\/\/renexia.it\/#organization","name":"RENEXIA","url":"https:\/\/renexia.it\/","logo":{"@type":"ImageObject","inLanguage":"fr-FR","@id":"https:\/\/renexia.it\/#\/schema\/logo\/image\/","url":"https:\/\/renexia.it\/wp-content\/uploads\/2022\/06\/logo-renexia.png","contentUrl":"https:\/\/renexia.it\/wp-content\/uploads\/2022\/06\/logo-renexia.png","width":300,"height":85,"caption":"RENEXIA"},"image":{"@id":"https:\/\/renexia.it\/#\/schema\/logo\/image\/"}}]}},"acf":[],"_links":{"self":[{"href":"https:\/\/renexia.it\/fr\/wp-json\/wp\/v2\/pages\/112020","targetHints":{"allow":["GET"]}}],"collection":[{"href":"https:\/\/renexia.it\/fr\/wp-json\/wp\/v2\/pages"}],"about":[{"href":"https:\/\/renexia.it\/fr\/wp-json\/wp\/v2\/types\/page"}],"author":[{"embeddable":true,"href":"https:\/\/renexia.it\/fr\/wp-json\/wp\/v2\/users\/1"}],"replies":[{"embeddable":true,"href":"https:\/\/renexia.it\/fr\/wp-json\/wp\/v2\/comments?post=112020"}],"version-history":[{"count":12,"href":"https:\/\/renexia.it\/fr\/wp-json\/wp\/v2\/pages\/112020\/revisions"}],"predecessor-version":[{"id":132727,"href":"https:\/\/renexia.it\/fr\/wp-json\/wp\/v2\/pages\/112020\/revisions\/132727"}],"up":[{"embeddable":true,"href":"https:\/\/renexia.it\/fr\/wp-json\/wp\/v2\/pages\/112077"}],"wp:featuredmedia":[{"embeddable":true,"href":"https:\/\/renexia.it\/fr\/wp-json\/wp\/v2\/media\/111996"}],"wp:attachment":[{"href":"https:\/\/renexia.it\/fr\/wp-json\/wp\/v2\/media?parent=112020"}],"curies":[{"name":"wp","href":"https:\/\/api.w.org\/{rel}","templated":true}]}}